{"id":2744,"date":"2025-11-25T21:08:41","date_gmt":"2025-11-25T20:08:41","guid":{"rendered":"https:\/\/iberwalk.com\/?post_type=product&#038;p=2744"},"modified":"2025-11-25T21:08:54","modified_gmt":"2025-11-25T20:08:54","slug":"air-force-1-preto","status":"publish","type":"product","link":"https:\/\/iberwalk.com\/es\/producto\/air-force-1-preto\/","title":{"rendered":"Air Force 1 Preto"},"content":{"rendered":"<div class=\"elementor-element elementor-element-05d4efc elementor-widget elementor-widget-woocommerce-product-content\" data-id=\"05d4efc\" data-element_type=\"widget\" data-widget_type=\"woocommerce-product-content.default\">\n<ul>\n<li>Portes de Envio Gr\u00e1tis<\/li>\n<li>Entregas em 24\/48 horas<\/li>\n<li>Desconto de 10\u20ac na compra de 2 pares<\/li>\n<\/ul>\n<\/div>\n<div class=\"elementor-element elementor-element-56dced6 e-add-to-cart--show-quantity-yes elementor-widget elementor-widget-woocommerce-product-add-to-cart\" data-id=\"56dced6\" data-element_type=\"widget\" data-widget_type=\"woocommerce-product-add-to-cart.default\"><\/div>\n<p>&nbsp;<\/p>","protected":false},"excerpt":{"rendered":"<p>Nike Air Force 1 Branco\/Dourado combinam a heran\u00e7a do basquetebol com estilo urbano intemporal e oferecem conforto e versatilidade para qualquer ocasi\u00e3o. Seja em vers\u00e3o cl\u00e1ssica branca ou em edi\u00e7\u00f5es especiais, as Air Force 1 continuam a ser um must-have no streetwear.<\/p>","protected":false},"featured_media":2755,"comment_status":"open","ping_status":"closed","template":"","meta":[],"product_brand":[],"product_cat":[62,53],"product_tag":[],"class_list":{"0":"post-2744","1":"product","2":"type-product","3":"status-publish","4":"has-post-thumbnail","6":"product_cat-air-force","7":"product_cat-mais-vendidos","9":"first","10":"instock","11":"featured","12":"shipping-taxable","13":"purchasable","14":"product-type-variable"},"yoast_head":"<!-- This site is optimized with the Yoast SEO plugin v27.4 - https:\/\/yoast.com\/product\/yoast-seo-wordpress\/ -->\n<title>Air Force 1 Preto - IberWalk<\/title>\n<meta name=\"robots\" content=\"index, follow, max-snippet:-1, max-image-preview:large, max-video-preview:-1\" \/>\n<link rel=\"canonical\" href=\"https:\/\/iberwalk.com\/es\/producto\/air-force-1-preto\/\" \/>\n<meta property=\"og:locale\" content=\"es_ES\" \/>\n<meta property=\"og:type\" content=\"article\" \/>\n<meta property=\"og:title\" content=\"Air Force 1 Preto - IberWalk\" \/>\n<meta property=\"og:description\" content=\"Nike Air Force 1 Branco\/Dourado combinam a heran\u00e7a do basquetebol com estilo urbano intemporal e oferecem conforto e versatilidade para qualquer ocasi\u00e3o. Seja em vers\u00e3o cl\u00e1ssica branca ou em edi\u00e7\u00f5es especiais, as Air Force 1 continuam a ser um must-have no streetwear.\" \/>\n<meta property=\"og:url\" content=\"https:\/\/iberwalk.com\/es\/producto\/air-force-1-preto\/\" \/>\n<meta property=\"og:site_name\" content=\"IberWalk\" \/>\n<meta property=\"article:modified_time\" content=\"2025-11-25T20:08:54+00:00\" \/>\n<meta property=\"og:image\" content=\"https:\/\/iberwalk.com\/wp-content\/uploads\/2025\/11\/sg-11134201-7qvco-lh4igdxk93i29a-1-e1760098263416.jpeg\" \/>\n\t<meta property=\"og:image:width\" content=\"770\" \/>\n\t<meta property=\"og:image:height\" content=\"770\" \/>\n\t<meta property=\"og:image:type\" content=\"image\/jpeg\" \/>\n<meta name=\"twitter:card\" content=\"summary_large_image\" \/>\n<script type=\"application\/ld+json\" class=\"yoast-schema-graph\">{\"@context\":\"https:\\\/\\\/schema.org\",\"@graph\":[{\"@type\":\"WebPage\",\"@id\":\"https:\\\/\\\/iberwalk.com\\\/produto\\\/air-force-1-preto\\\/\",\"url\":\"https:\\\/\\\/iberwalk.com\\\/produto\\\/air-force-1-preto\\\/\",\"name\":\"Air Force 1 Preto - IberWalk\",\"isPartOf\":{\"@id\":\"https:\\\/\\\/iberwalk.com\\\/#website\"},\"primaryImageOfPage\":{\"@id\":\"https:\\\/\\\/iberwalk.com\\\/produto\\\/air-force-1-preto\\\/#primaryimage\"},\"image\":{\"@id\":\"https:\\\/\\\/iberwalk.com\\\/produto\\\/air-force-1-preto\\\/#primaryimage\"},\"thumbnailUrl\":\"https:\\\/\\\/iberwalk.com\\\/wp-content\\\/uploads\\\/2025\\\/11\\\/sg-11134201-7qvco-lh4igdxk93i29a-1-e1760098263416.jpeg\",\"datePublished\":\"2025-11-25T20:08:41+00:00\",\"dateModified\":\"2025-11-25T20:08:54+00:00\",\"breadcrumb\":{\"@id\":\"https:\\\/\\\/iberwalk.com\\\/produto\\\/air-force-1-preto\\\/#breadcrumb\"},\"inLanguage\":\"es\",\"potentialAction\":[{\"@type\":\"ReadAction\",\"target\":[\"https:\\\/\\\/iberwalk.com\\\/produto\\\/air-force-1-preto\\\/\"]}]},{\"@type\":\"ImageObject\",\"inLanguage\":\"es\",\"@id\":\"https:\\\/\\\/iberwalk.com\\\/produto\\\/air-force-1-preto\\\/#primaryimage\",\"url\":\"https:\\\/\\\/iberwalk.com\\\/wp-content\\\/uploads\\\/2025\\\/11\\\/sg-11134201-7qvco-lh4igdxk93i29a-1-e1760098263416.jpeg\",\"contentUrl\":\"https:\\\/\\\/iberwalk.com\\\/wp-content\\\/uploads\\\/2025\\\/11\\\/sg-11134201-7qvco-lh4igdxk93i29a-1-e1760098263416.jpeg\",\"width\":770,\"height\":770},{\"@type\":\"BreadcrumbList\",\"@id\":\"https:\\\/\\\/iberwalk.com\\\/produto\\\/air-force-1-preto\\\/#breadcrumb\",\"itemListElement\":[{\"@type\":\"ListItem\",\"position\":1,\"name\":\"Home\",\"item\":\"https:\\\/\\\/iberwalk.com\\\/\"},{\"@type\":\"ListItem\",\"position\":2,\"name\":\"Loja\",\"item\":\"https:\\\/\\\/iberwalk.com\\\/loja\\\/\"},{\"@type\":\"ListItem\",\"position\":3,\"name\":\"Air Force 1 Preto\"}]},{\"@type\":\"WebSite\",\"@id\":\"https:\\\/\\\/iberwalk.com\\\/#website\",\"url\":\"https:\\\/\\\/iberwalk.com\\\/\",\"name\":\"Loja Blino\",\"description\":\"T\u00e9nis tend\u00eancia a pre\u00e7o acess\u00edvel. Estilo premium sem pagar mais.\",\"publisher\":{\"@id\":\"https:\\\/\\\/iberwalk.com\\\/#organization\"},\"potentialAction\":[{\"@type\":\"SearchAction\",\"target\":{\"@type\":\"EntryPoint\",\"urlTemplate\":\"https:\\\/\\\/iberwalk.com\\\/?s={search_term_string}\"},\"query-input\":{\"@type\":\"PropertyValueSpecification\",\"valueRequired\":true,\"valueName\":\"search_term_string\"}}],\"inLanguage\":\"es\"},{\"@type\":\"Organization\",\"@id\":\"https:\\\/\\\/iberwalk.com\\\/#organization\",\"name\":\"IberWalk\",\"url\":\"https:\\\/\\\/iberwalk.com\\\/\",\"logo\":{\"@type\":\"ImageObject\",\"inLanguage\":\"es\",\"@id\":\"https:\\\/\\\/iberwalk.com\\\/#\\\/schema\\\/logo\\\/image\\\/\",\"url\":\"https:\\\/\\\/iberwalk.com\\\/wp-content\\\/uploads\\\/2026\\\/02\\\/faviconiber.jpeg\",\"contentUrl\":\"https:\\\/\\\/iberwalk.com\\\/wp-content\\\/uploads\\\/2026\\\/02\\\/faviconiber.jpeg\",\"width\":1600,\"height\":1600,\"caption\":\"IberWalk\"},\"image\":{\"@id\":\"https:\\\/\\\/iberwalk.com\\\/#\\\/schema\\\/logo\\\/image\\\/\"}}]}<\/script>\n<!-- \/ Yoast SEO plugin. -->","yoast_head_json":{"title":"Air Force 1 Preto - IberWalk","robots":{"index":"index","follow":"follow","max-snippet":"max-snippet:-1","max-image-preview":"max-image-preview:large","max-video-preview":"max-video-preview:-1"},"canonical":"https:\/\/iberwalk.com\/es\/producto\/air-force-1-preto\/","og_locale":"es_ES","og_type":"article","og_title":"Air Force 1 Preto - IberWalk","og_description":"Nike Air Force 1 Branco\/Dourado combinam a heran\u00e7a do basquetebol com estilo urbano intemporal e oferecem conforto e versatilidade para qualquer ocasi\u00e3o. Seja em vers\u00e3o cl\u00e1ssica branca ou em edi\u00e7\u00f5es especiais, as Air Force 1 continuam a ser um must-have no streetwear.","og_url":"https:\/\/iberwalk.com\/es\/producto\/air-force-1-preto\/","og_site_name":"IberWalk","article_modified_time":"2025-11-25T20:08:54+00:00","og_image":[{"width":770,"height":770,"url":"https:\/\/iberwalk.com\/wp-content\/uploads\/2025\/11\/sg-11134201-7qvco-lh4igdxk93i29a-1-e1760098263416.jpeg","type":"image\/jpeg"}],"twitter_card":"summary_large_image","schema":{"@context":"https:\/\/schema.org","@graph":[{"@type":"WebPage","@id":"https:\/\/iberwalk.com\/produto\/air-force-1-preto\/","url":"https:\/\/iberwalk.com\/produto\/air-force-1-preto\/","name":"Air Force 1 Preto - IberWalk","isPartOf":{"@id":"https:\/\/iberwalk.com\/#website"},"primaryImageOfPage":{"@id":"https:\/\/iberwalk.com\/produto\/air-force-1-preto\/#primaryimage"},"image":{"@id":"https:\/\/iberwalk.com\/produto\/air-force-1-preto\/#primaryimage"},"thumbnailUrl":"https:\/\/iberwalk.com\/wp-content\/uploads\/2025\/11\/sg-11134201-7qvco-lh4igdxk93i29a-1-e1760098263416.jpeg","datePublished":"2025-11-25T20:08:41+00:00","dateModified":"2025-11-25T20:08:54+00:00","breadcrumb":{"@id":"https:\/\/iberwalk.com\/produto\/air-force-1-preto\/#breadcrumb"},"inLanguage":"es","potentialAction":[{"@type":"ReadAction","target":["https:\/\/iberwalk.com\/produto\/air-force-1-preto\/"]}]},{"@type":"ImageObject","inLanguage":"es","@id":"https:\/\/iberwalk.com\/produto\/air-force-1-preto\/#primaryimage","url":"https:\/\/iberwalk.com\/wp-content\/uploads\/2025\/11\/sg-11134201-7qvco-lh4igdxk93i29a-1-e1760098263416.jpeg","contentUrl":"https:\/\/iberwalk.com\/wp-content\/uploads\/2025\/11\/sg-11134201-7qvco-lh4igdxk93i29a-1-e1760098263416.jpeg","width":770,"height":770},{"@type":"BreadcrumbList","@id":"https:\/\/iberwalk.com\/produto\/air-force-1-preto\/#breadcrumb","itemListElement":[{"@type":"ListItem","position":1,"name":"Home","item":"https:\/\/iberwalk.com\/"},{"@type":"ListItem","position":2,"name":"Loja","item":"https:\/\/iberwalk.com\/loja\/"},{"@type":"ListItem","position":3,"name":"Air Force 1 Preto"}]},{"@type":"WebSite","@id":"https:\/\/iberwalk.com\/#website","url":"https:\/\/iberwalk.com\/","name":"Loja Blino","description":"T\u00e9nis tend\u00eancia a pre\u00e7o acess\u00edvel. Estilo premium sem pagar mais.","publisher":{"@id":"https:\/\/iberwalk.com\/#organization"},"potentialAction":[{"@type":"SearchAction","target":{"@type":"EntryPoint","urlTemplate":"https:\/\/iberwalk.com\/?s={search_term_string}"},"query-input":{"@type":"PropertyValueSpecification","valueRequired":true,"valueName":"search_term_string"}}],"inLanguage":"es"},{"@type":"Organization","@id":"https:\/\/iberwalk.com\/#organization","name":"IberWalk","url":"https:\/\/iberwalk.com\/","logo":{"@type":"ImageObject","inLanguage":"es","@id":"https:\/\/iberwalk.com\/#\/schema\/logo\/image\/","url":"https:\/\/iberwalk.com\/wp-content\/uploads\/2026\/02\/faviconiber.jpeg","contentUrl":"https:\/\/iberwalk.com\/wp-content\/uploads\/2026\/02\/faviconiber.jpeg","width":1600,"height":1600,"caption":"IberWalk"},"image":{"@id":"https:\/\/iberwalk.com\/#\/schema\/logo\/image\/"}}]}},"_links":{"self":[{"href":"https:\/\/iberwalk.com\/es\/wp-json\/wp\/v2\/product\/2744","targetHints":{"allow":["GET"]}}],"collection":[{"href":"https:\/\/iberwalk.com\/es\/wp-json\/wp\/v2\/product"}],"about":[{"href":"https:\/\/iberwalk.com\/es\/wp-json\/wp\/v2\/types\/product"}],"replies":[{"embeddable":true,"href":"https:\/\/iberwalk.com\/es\/wp-json\/wp\/v2\/comments?post=2744"}],"wp:featuredmedia":[{"embeddable":true,"href":"https:\/\/iberwalk.com\/es\/wp-json\/wp\/v2\/media\/2755"}],"wp:attachment":[{"href":"https:\/\/iberwalk.com\/es\/wp-json\/wp\/v2\/media?parent=2744"}],"wp:term":[{"taxonomy":"product_brand","embeddable":true,"href":"https:\/\/iberwalk.com\/es\/wp-json\/wp\/v2\/product_brand?post=2744"},{"taxonomy":"product_cat","embeddable":true,"href":"https:\/\/iberwalk.com\/es\/wp-json\/wp\/v2\/product_cat?post=2744"},{"taxonomy":"product_tag","embeddable":true,"href":"https:\/\/iberwalk.com\/es\/wp-json\/wp\/v2\/product_tag?post=2744"}],"curies":[{"name":"wp","href":"https:\/\/api.w.org\/{rel}","templated":true}]}}