{"id":2202,"date":"2025-11-25T21:07:05","date_gmt":"2025-11-25T20:07:05","guid":{"rendered":"https:\/\/iberwalk.com\/?post_type=product&#038;p=2202"},"modified":"2026-01-27T01:45:30","modified_gmt":"2026-01-27T01:45:30","slug":"adidas-campus-cinza-branco","status":"publish","type":"product","link":"https:\/\/iberwalk.com\/es\/producto\/adidas-campus-cinza-branco\/","title":{"rendered":"Adidas Campus Cinza\/Branco"},"content":{"rendered":"<ul>\n<li>Portes de Envio Gr\u00e1tis<\/li>\n<li>Entregas em 24\/48 horas<\/li>\n<li>Desconto de 10\u20ac na compra de 2 pares<\/li>\n<\/ul>","protected":false},"excerpt":{"rendered":"<p>Adidas Campus Cinza\/Branco: Um \u00edcone retro reinventado, com design em camur\u00e7a e sola robusta. Ideais para um estilo urbano e moderno.<\/p>","protected":false},"featured_media":2225,"comment_status":"open","ping_status":"closed","template":"","meta":[],"product_brand":[],"product_cat":[51,52,53,15],"product_tag":[],"class_list":{"0":"post-2202","1":"product","2":"type-product","3":"status-publish","4":"has-post-thumbnail","6":"product_cat-adidas","7":"product_cat-campus","8":"product_cat-mais-vendidos","9":"product_cat-sem-categoria","11":"first","12":"instock","13":"featured","14":"shipping-taxable","15":"purchasable","16":"product-type-variable"},"yoast_head":"<!-- This site is optimized with the Yoast SEO plugin v27.4 - https:\/\/yoast.com\/product\/yoast-seo-wordpress\/ -->\n<title>Adidas Campus Cinza\/Branco - IberWalk<\/title>\n<meta name=\"robots\" content=\"index, follow, max-snippet:-1, max-image-preview:large, max-video-preview:-1\" \/>\n<link rel=\"canonical\" href=\"https:\/\/iberwalk.com\/es\/producto\/adidas-campus-cinza-branco\/\" \/>\n<meta property=\"og:locale\" content=\"es_ES\" \/>\n<meta property=\"og:type\" content=\"article\" \/>\n<meta property=\"og:title\" content=\"Adidas Campus Cinza\/Branco - IberWalk\" \/>\n<meta property=\"og:description\" content=\"Adidas Campus Cinza\/Branco: Um \u00edcone retro reinventado, com design em camur\u00e7a e sola robusta. Ideais para um estilo urbano e moderno.\" \/>\n<meta property=\"og:url\" content=\"https:\/\/iberwalk.com\/es\/producto\/adidas-campus-cinza-branco\/\" \/>\n<meta property=\"og:site_name\" content=\"IberWalk\" \/>\n<meta property=\"article:modified_time\" content=\"2026-01-27T01:45:30+00:00\" \/>\n<meta property=\"og:image\" content=\"https:\/\/iberwalk.com\/wp-content\/uploads\/2025\/11\/d08a3e32f9c5cde140e05edeb7153cbd-e1761072348662.jpg\" \/>\n\t<meta property=\"og:image:width\" content=\"735\" \/>\n\t<meta property=\"og:image:height\" content=\"735\" \/>\n\t<meta property=\"og:image:type\" content=\"image\/jpeg\" \/>\n<meta name=\"twitter:card\" content=\"summary_large_image\" \/>\n<script type=\"application\/ld+json\" class=\"yoast-schema-graph\">{\"@context\":\"https:\\\/\\\/schema.org\",\"@graph\":[{\"@type\":\"WebPage\",\"@id\":\"https:\\\/\\\/iberwalk.com\\\/produto\\\/adidas-campus-cinza-branco\\\/\",\"url\":\"https:\\\/\\\/iberwalk.com\\\/produto\\\/adidas-campus-cinza-branco\\\/\",\"name\":\"Adidas Campus Cinza\\\/Branco - IberWalk\",\"isPartOf\":{\"@id\":\"https:\\\/\\\/iberwalk.com\\\/#website\"},\"primaryImageOfPage\":{\"@id\":\"https:\\\/\\\/iberwalk.com\\\/produto\\\/adidas-campus-cinza-branco\\\/#primaryimage\"},\"image\":{\"@id\":\"https:\\\/\\\/iberwalk.com\\\/produto\\\/adidas-campus-cinza-branco\\\/#primaryimage\"},\"thumbnailUrl\":\"https:\\\/\\\/iberwalk.com\\\/wp-content\\\/uploads\\\/2025\\\/11\\\/d08a3e32f9c5cde140e05edeb7153cbd-e1761072348662.jpg\",\"datePublished\":\"2025-11-25T20:07:05+00:00\",\"dateModified\":\"2026-01-27T01:45:30+00:00\",\"breadcrumb\":{\"@id\":\"https:\\\/\\\/iberwalk.com\\\/produto\\\/adidas-campus-cinza-branco\\\/#breadcrumb\"},\"inLanguage\":\"es\",\"potentialAction\":[{\"@type\":\"ReadAction\",\"target\":[\"https:\\\/\\\/iberwalk.com\\\/produto\\\/adidas-campus-cinza-branco\\\/\"]}]},{\"@type\":\"ImageObject\",\"inLanguage\":\"es\",\"@id\":\"https:\\\/\\\/iberwalk.com\\\/produto\\\/adidas-campus-cinza-branco\\\/#primaryimage\",\"url\":\"https:\\\/\\\/iberwalk.com\\\/wp-content\\\/uploads\\\/2025\\\/11\\\/d08a3e32f9c5cde140e05edeb7153cbd-e1761072348662.jpg\",\"contentUrl\":\"https:\\\/\\\/iberwalk.com\\\/wp-content\\\/uploads\\\/2025\\\/11\\\/d08a3e32f9c5cde140e05edeb7153cbd-e1761072348662.jpg\",\"width\":735,\"height\":735},{\"@type\":\"BreadcrumbList\",\"@id\":\"https:\\\/\\\/iberwalk.com\\\/produto\\\/adidas-campus-cinza-branco\\\/#breadcrumb\",\"itemListElement\":[{\"@type\":\"ListItem\",\"position\":1,\"name\":\"Home\",\"item\":\"https:\\\/\\\/iberwalk.com\\\/\"},{\"@type\":\"ListItem\",\"position\":2,\"name\":\"Loja\",\"item\":\"https:\\\/\\\/iberwalk.com\\\/loja\\\/\"},{\"@type\":\"ListItem\",\"position\":3,\"name\":\"Adidas Campus Cinza\\\/Branco\"}]},{\"@type\":\"WebSite\",\"@id\":\"https:\\\/\\\/iberwalk.com\\\/#website\",\"url\":\"https:\\\/\\\/iberwalk.com\\\/\",\"name\":\"Loja Blino\",\"description\":\"T\u00e9nis tend\u00eancia a pre\u00e7o acess\u00edvel. Estilo premium sem pagar mais.\",\"publisher\":{\"@id\":\"https:\\\/\\\/iberwalk.com\\\/#organization\"},\"potentialAction\":[{\"@type\":\"SearchAction\",\"target\":{\"@type\":\"EntryPoint\",\"urlTemplate\":\"https:\\\/\\\/iberwalk.com\\\/?s={search_term_string}\"},\"query-input\":{\"@type\":\"PropertyValueSpecification\",\"valueRequired\":true,\"valueName\":\"search_term_string\"}}],\"inLanguage\":\"es\"},{\"@type\":\"Organization\",\"@id\":\"https:\\\/\\\/iberwalk.com\\\/#organization\",\"name\":\"IberWalk\",\"url\":\"https:\\\/\\\/iberwalk.com\\\/\",\"logo\":{\"@type\":\"ImageObject\",\"inLanguage\":\"es\",\"@id\":\"https:\\\/\\\/iberwalk.com\\\/#\\\/schema\\\/logo\\\/image\\\/\",\"url\":\"https:\\\/\\\/iberwalk.com\\\/wp-content\\\/uploads\\\/2026\\\/02\\\/faviconiber.jpeg\",\"contentUrl\":\"https:\\\/\\\/iberwalk.com\\\/wp-content\\\/uploads\\\/2026\\\/02\\\/faviconiber.jpeg\",\"width\":1600,\"height\":1600,\"caption\":\"IberWalk\"},\"image\":{\"@id\":\"https:\\\/\\\/iberwalk.com\\\/#\\\/schema\\\/logo\\\/image\\\/\"}}]}<\/script>\n<!-- \/ Yoast SEO plugin. -->","yoast_head_json":{"title":"Adidas Campus Cinza\/Branco - IberWalk","robots":{"index":"index","follow":"follow","max-snippet":"max-snippet:-1","max-image-preview":"max-image-preview:large","max-video-preview":"max-video-preview:-1"},"canonical":"https:\/\/iberwalk.com\/es\/producto\/adidas-campus-cinza-branco\/","og_locale":"es_ES","og_type":"article","og_title":"Adidas Campus Cinza\/Branco - IberWalk","og_description":"Adidas Campus Cinza\/Branco: Um \u00edcone retro reinventado, com design em camur\u00e7a e sola robusta. Ideais para um estilo urbano e moderno.","og_url":"https:\/\/iberwalk.com\/es\/producto\/adidas-campus-cinza-branco\/","og_site_name":"IberWalk","article_modified_time":"2026-01-27T01:45:30+00:00","og_image":[{"width":735,"height":735,"url":"https:\/\/iberwalk.com\/wp-content\/uploads\/2025\/11\/d08a3e32f9c5cde140e05edeb7153cbd-e1761072348662.jpg","type":"image\/jpeg"}],"twitter_card":"summary_large_image","schema":{"@context":"https:\/\/schema.org","@graph":[{"@type":"WebPage","@id":"https:\/\/iberwalk.com\/produto\/adidas-campus-cinza-branco\/","url":"https:\/\/iberwalk.com\/produto\/adidas-campus-cinza-branco\/","name":"Adidas Campus Cinza\/Branco - IberWalk","isPartOf":{"@id":"https:\/\/iberwalk.com\/#website"},"primaryImageOfPage":{"@id":"https:\/\/iberwalk.com\/produto\/adidas-campus-cinza-branco\/#primaryimage"},"image":{"@id":"https:\/\/iberwalk.com\/produto\/adidas-campus-cinza-branco\/#primaryimage"},"thumbnailUrl":"https:\/\/iberwalk.com\/wp-content\/uploads\/2025\/11\/d08a3e32f9c5cde140e05edeb7153cbd-e1761072348662.jpg","datePublished":"2025-11-25T20:07:05+00:00","dateModified":"2026-01-27T01:45:30+00:00","breadcrumb":{"@id":"https:\/\/iberwalk.com\/produto\/adidas-campus-cinza-branco\/#breadcrumb"},"inLanguage":"es","potentialAction":[{"@type":"ReadAction","target":["https:\/\/iberwalk.com\/produto\/adidas-campus-cinza-branco\/"]}]},{"@type":"ImageObject","inLanguage":"es","@id":"https:\/\/iberwalk.com\/produto\/adidas-campus-cinza-branco\/#primaryimage","url":"https:\/\/iberwalk.com\/wp-content\/uploads\/2025\/11\/d08a3e32f9c5cde140e05edeb7153cbd-e1761072348662.jpg","contentUrl":"https:\/\/iberwalk.com\/wp-content\/uploads\/2025\/11\/d08a3e32f9c5cde140e05edeb7153cbd-e1761072348662.jpg","width":735,"height":735},{"@type":"BreadcrumbList","@id":"https:\/\/iberwalk.com\/produto\/adidas-campus-cinza-branco\/#breadcrumb","itemListElement":[{"@type":"ListItem","position":1,"name":"Home","item":"https:\/\/iberwalk.com\/"},{"@type":"ListItem","position":2,"name":"Loja","item":"https:\/\/iberwalk.com\/loja\/"},{"@type":"ListItem","position":3,"name":"Adidas Campus Cinza\/Branco"}]},{"@type":"WebSite","@id":"https:\/\/iberwalk.com\/#website","url":"https:\/\/iberwalk.com\/","name":"Loja Blino","description":"T\u00e9nis tend\u00eancia a pre\u00e7o acess\u00edvel. Estilo premium sem pagar mais.","publisher":{"@id":"https:\/\/iberwalk.com\/#organization"},"potentialAction":[{"@type":"SearchAction","target":{"@type":"EntryPoint","urlTemplate":"https:\/\/iberwalk.com\/?s={search_term_string}"},"query-input":{"@type":"PropertyValueSpecification","valueRequired":true,"valueName":"search_term_string"}}],"inLanguage":"es"},{"@type":"Organization","@id":"https:\/\/iberwalk.com\/#organization","name":"IberWalk","url":"https:\/\/iberwalk.com\/","logo":{"@type":"ImageObject","inLanguage":"es","@id":"https:\/\/iberwalk.com\/#\/schema\/logo\/image\/","url":"https:\/\/iberwalk.com\/wp-content\/uploads\/2026\/02\/faviconiber.jpeg","contentUrl":"https:\/\/iberwalk.com\/wp-content\/uploads\/2026\/02\/faviconiber.jpeg","width":1600,"height":1600,"caption":"IberWalk"},"image":{"@id":"https:\/\/iberwalk.com\/#\/schema\/logo\/image\/"}}]}},"_links":{"self":[{"href":"https:\/\/iberwalk.com\/es\/wp-json\/wp\/v2\/product\/2202","targetHints":{"allow":["GET"]}}],"collection":[{"href":"https:\/\/iberwalk.com\/es\/wp-json\/wp\/v2\/product"}],"about":[{"href":"https:\/\/iberwalk.com\/es\/wp-json\/wp\/v2\/types\/product"}],"replies":[{"embeddable":true,"href":"https:\/\/iberwalk.com\/es\/wp-json\/wp\/v2\/comments?post=2202"}],"wp:featuredmedia":[{"embeddable":true,"href":"https:\/\/iberwalk.com\/es\/wp-json\/wp\/v2\/media\/2225"}],"wp:attachment":[{"href":"https:\/\/iberwalk.com\/es\/wp-json\/wp\/v2\/media?parent=2202"}],"wp:term":[{"taxonomy":"product_brand","embeddable":true,"href":"https:\/\/iberwalk.com\/es\/wp-json\/wp\/v2\/product_brand?post=2202"},{"taxonomy":"product_cat","embeddable":true,"href":"https:\/\/iberwalk.com\/es\/wp-json\/wp\/v2\/product_cat?post=2202"},{"taxonomy":"product_tag","embeddable":true,"href":"https:\/\/iberwalk.com\/es\/wp-json\/wp\/v2\/product_tag?post=2202"}],"curies":[{"name":"wp","href":"https:\/\/api.w.org\/{rel}","templated":true}]}}