{"id":940,"date":"2025-07-24T23:26:41","date_gmt":"2025-07-24T23:26:41","guid":{"rendered":"https:\/\/iberwalk.com\/?page_id=940"},"modified":"2025-12-16T17:11:56","modified_gmt":"2025-12-16T17:11:56","slug":"sobre","status":"publish","type":"page","link":"https:\/\/iberwalk.com\/es\/sobre\/","title":{"rendered":"Sobre"},"content":{"rendered":"<div data-elementor-type=\"wp-page\" data-elementor-id=\"940\" class=\"elementor elementor-940\" data-elementor-post-type=\"page\">\n\t\t\t\t<div class=\"elementor-element elementor-element-9e5fb09 e-flex e-con-boxed e-con e-parent\" data-id=\"9e5fb09\" data-element_type=\"container\" data-core-v316-plus=\"true\">\n\t\t\t\t\t<div class=\"e-con-inner\">\n\t\t\t\t<div class=\"elementor-element elementor-element-0b5aec4 elementor-widget elementor-widget-heading\" data-id=\"0b5aec4\" data-element_type=\"widget\" data-widget_type=\"heading.default\">\n\t\t\t\t<div class=\"elementor-widget-container\">\n\t\t\t<style>\/*! elementor - v3.20.0 - 20-03-2024 *\/\n.elementor-heading-title{padding:0;margin:0;line-height:1}.elementor-widget-heading .elementor-heading-title[class*=elementor-size-]>a{color:inherit;font-size:inherit;line-height:inherit}.elementor-widget-heading .elementor-heading-title.elementor-size-small{font-size:15px}.elementor-widget-heading .elementor-heading-title.elementor-size-medium{font-size:19px}.elementor-widget-heading .elementor-heading-title.elementor-size-large{font-size:29px}.elementor-widget-heading .elementor-heading-title.elementor-size-xl{font-size:39px}.elementor-widget-heading .elementor-heading-title.elementor-size-xxl{font-size:59px}<\/style><h2 class=\"elementor-heading-title elementor-size-default\">Acerca de IberWalk<\/h2>\t\t<\/div>\n\t\t\t\t<\/div>\n\t\t\t\t<div class=\"elementor-element elementor-element-1eda786 elementor-widget elementor-widget-text-editor\" data-id=\"1eda786\" data-element_type=\"widget\" data-widget_type=\"text-editor.default\">\n\t\t\t\t<div class=\"elementor-widget-container\">\n\t\t\t<style>\/*! elementor - v3.20.0 - 20-03-2024 *\/\n.elementor-widget-text-editor.elementor-drop-cap-view-stacked .elementor-drop-cap{background-color:#69727d;color:#fff}.elementor-widget-text-editor.elementor-drop-cap-view-framed .elementor-drop-cap{color:#69727d;border:3px solid;background-color:transparent}.elementor-widget-text-editor:not(.elementor-drop-cap-view-default) .elementor-drop-cap{margin-top:8px}.elementor-widget-text-editor:not(.elementor-drop-cap-view-default) .elementor-drop-cap-letter{width:1em;height:1em}.elementor-widget-text-editor .elementor-drop-cap{float:left;text-align:center;line-height:1;font-size:50px}.elementor-widget-text-editor .elementor-drop-cap-letter{display:inline-block}<\/style>\t\t\t\t<p>En IBER WALK, nos apasiona el calzado deportivo de alta calidad. Nos especializamos en seleccionar zapatillas que combinan rendimiento, comodidad y estilo, ofreciendo a nuestros clientes modelos exclusivos de las mejores marcas nacionales e internacionales.<\/p><p>Centrados en la excelencia y la satisfacci\u00f3n del cliente, trabajamos a diario para garantizar una experiencia de compra sencilla, r\u00e1pida y segura. Realizamos env\u00edos a Portugal y Espa\u00f1a, con entrega en 48 horas. Para las islas Azores y Madeira, los env\u00edos se realizan con la misma atenci\u00f3n y rigor, pero pueden tardar hasta cinco d\u00edas laborables.<\/p><p>IBER WALK naci\u00f3 del compromiso de unir calidad, autenticidad e innovaci\u00f3n en el mundo de las zapatillas. Queremos que cada cliente encuentre el par perfecto para su ritmo, estilo y d\u00eda a d\u00eda.<\/p><p>IBER WALK \u2014 Mu\u00e9vete con estilo.<\/p><p>Sobre Nosotros<\/p><p>En IBER WALK, somos apasionados por el calzado deportivo de alta calidad. Estamos especializados en la selecci\u00f3n de sneakers que combinan rendimiento, comodidad y estilo, ofreciendo a nuestros clientes modelos exclusivos de las mejores marcas nacionales e internacionales.<\/p><p>Con un fuerte enfoque en la excelencia y en la satisfacci\u00f3n del cliente, trabajamos cada d\u00eda para garantizar una experiencia de compra sencilla, r\u00e1pida y segura. Realizamos env\u00edos a Portugal y Espa\u00f1a, asegurando entregas en 48 horas. Para las islas Azores y Madeira, los env\u00edos se realizan con la misma atenci\u00f3n y cuidado, pudiendo tardar hasta cinco d\u00edas laborables.<\/p><p>IBER WALK nace con el compromiso de unir calidad, autenticidad e innovaci\u00f3n en el universo sneaker. Queremos que cada cliente encuentre el par perfecto para su ritmo, su estilo y su d\u00eda a d\u00eda.<\/p><p>IBER WALK \u2014 Mu\u00e9vete\u00a0con\u00a0estilo<\/p>\t\t\t\t\t\t<\/div>\n\t\t\t\t<\/div>\n\t\t\t\t\t<\/div>\n\t\t\t\t<\/div>\n\t\t\t\t<\/div>","protected":false},"excerpt":{"rendered":"<p>Sobre a IberWalk Na IBER WALK, somos apaixonados por cal\u00e7ado desportivo de alta qualidade. Especializamo-nos na sele\u00e7\u00e3o de sneakers que combinam desempenho, conforto e estilo, oferecendo aos nossos clientes modelos exclusivos das melhores marcas nacionais e internacionais. Com foco na excel\u00eancia e na satisfa\u00e7\u00e3o do cliente, trabalhamos diariamente para garantir uma experi\u00eancia de compra simples, [&hellip;]<\/p>","protected":false},"author":1,"featured_media":0,"parent":0,"menu_order":0,"comment_status":"closed","ping_status":"closed","template":"","meta":{"footnotes":""},"class_list":["post-940","page","type-page","status-publish","hentry"],"yoast_head":"<!-- This site is optimized with the Yoast SEO plugin v27.4 - https:\/\/yoast.com\/product\/yoast-seo-wordpress\/ -->\n<title>Sobre - IberWalk<\/title>\n<meta name=\"robots\" content=\"index, follow, max-snippet:-1, max-image-preview:large, max-video-preview:-1\" \/>\n<link rel=\"canonical\" href=\"https:\/\/iberwalk.com\/es\/sobre\/\" \/>\n<meta property=\"og:locale\" content=\"es_ES\" \/>\n<meta property=\"og:type\" content=\"article\" \/>\n<meta property=\"og:title\" content=\"Sobre - IberWalk\" \/>\n<meta property=\"og:description\" content=\"Sobre a IberWalk Na IBER WALK, somos apaixonados por cal\u00e7ado desportivo de alta qualidade. Especializamo-nos na sele\u00e7\u00e3o de sneakers que combinam desempenho, conforto e estilo, oferecendo aos nossos clientes modelos exclusivos das melhores marcas nacionais e internacionais. Com foco na excel\u00eancia e na satisfa\u00e7\u00e3o do cliente, trabalhamos diariamente para garantir uma experi\u00eancia de compra simples, [&hellip;]\" \/>\n<meta property=\"og:url\" content=\"https:\/\/iberwalk.com\/es\/sobre\/\" \/>\n<meta property=\"og:site_name\" content=\"IberWalk\" \/>\n<meta property=\"article:modified_time\" content=\"2025-12-16T17:11:56+00:00\" \/>\n<meta property=\"og:image\" content=\"https:\/\/iberwalk.com\/wp-content\/uploads\/2026\/02\/faviconiber.jpeg\" \/>\n\t<meta property=\"og:image:width\" content=\"1600\" \/>\n\t<meta property=\"og:image:height\" content=\"1600\" \/>\n\t<meta property=\"og:image:type\" content=\"image\/jpeg\" \/>\n<meta name=\"twitter:card\" content=\"summary_large_image\" \/>\n<meta name=\"twitter:label1\" content=\"Tiempo de lectura\" \/>\n\t<meta name=\"twitter:data1\" content=\"1 minuto\" \/>\n<script type=\"application\/ld+json\" class=\"yoast-schema-graph\">{\"@context\":\"https:\\\/\\\/schema.org\",\"@graph\":[{\"@type\":\"WebPage\",\"@id\":\"https:\\\/\\\/iberwalk.com\\\/sobre\\\/\",\"url\":\"https:\\\/\\\/iberwalk.com\\\/sobre\\\/\",\"name\":\"Sobre - IberWalk\",\"isPartOf\":{\"@id\":\"https:\\\/\\\/iberwalk.com\\\/#website\"},\"datePublished\":\"2025-07-24T23:26:41+00:00\",\"dateModified\":\"2025-12-16T17:11:56+00:00\",\"breadcrumb\":{\"@id\":\"https:\\\/\\\/iberwalk.com\\\/sobre\\\/#breadcrumb\"},\"inLanguage\":\"es\",\"potentialAction\":[{\"@type\":\"ReadAction\",\"target\":[\"https:\\\/\\\/iberwalk.com\\\/sobre\\\/\"]}]},{\"@type\":\"BreadcrumbList\",\"@id\":\"https:\\\/\\\/iberwalk.com\\\/sobre\\\/#breadcrumb\",\"itemListElement\":[{\"@type\":\"ListItem\",\"position\":1,\"name\":\"Home\",\"item\":\"https:\\\/\\\/iberwalk.com\\\/\"},{\"@type\":\"ListItem\",\"position\":2,\"name\":\"Sobre\"}]},{\"@type\":\"WebSite\",\"@id\":\"https:\\\/\\\/iberwalk.com\\\/#website\",\"url\":\"https:\\\/\\\/iberwalk.com\\\/\",\"name\":\"Loja Blino\",\"description\":\"T\u00e9nis tend\u00eancia a pre\u00e7o acess\u00edvel. Estilo premium sem pagar mais.\",\"publisher\":{\"@id\":\"https:\\\/\\\/iberwalk.com\\\/#organization\"},\"potentialAction\":[{\"@type\":\"SearchAction\",\"target\":{\"@type\":\"EntryPoint\",\"urlTemplate\":\"https:\\\/\\\/iberwalk.com\\\/?s={search_term_string}\"},\"query-input\":{\"@type\":\"PropertyValueSpecification\",\"valueRequired\":true,\"valueName\":\"search_term_string\"}}],\"inLanguage\":\"es\"},{\"@type\":\"Organization\",\"@id\":\"https:\\\/\\\/iberwalk.com\\\/#organization\",\"name\":\"IberWalk\",\"url\":\"https:\\\/\\\/iberwalk.com\\\/\",\"logo\":{\"@type\":\"ImageObject\",\"inLanguage\":\"es\",\"@id\":\"https:\\\/\\\/iberwalk.com\\\/#\\\/schema\\\/logo\\\/image\\\/\",\"url\":\"https:\\\/\\\/iberwalk.com\\\/wp-content\\\/uploads\\\/2026\\\/02\\\/faviconiber.jpeg\",\"contentUrl\":\"https:\\\/\\\/iberwalk.com\\\/wp-content\\\/uploads\\\/2026\\\/02\\\/faviconiber.jpeg\",\"width\":1600,\"height\":1600,\"caption\":\"IberWalk\"},\"image\":{\"@id\":\"https:\\\/\\\/iberwalk.com\\\/#\\\/schema\\\/logo\\\/image\\\/\"}}]}<\/script>\n<!-- \/ Yoast SEO plugin. -->","yoast_head_json":{"title":"Sobre - IberWalk","robots":{"index":"index","follow":"follow","max-snippet":"max-snippet:-1","max-image-preview":"max-image-preview:large","max-video-preview":"max-video-preview:-1"},"canonical":"https:\/\/iberwalk.com\/es\/sobre\/","og_locale":"es_ES","og_type":"article","og_title":"Sobre - IberWalk","og_description":"Sobre a IberWalk Na IBER WALK, somos apaixonados por cal\u00e7ado desportivo de alta qualidade. Especializamo-nos na sele\u00e7\u00e3o de sneakers que combinam desempenho, conforto e estilo, oferecendo aos nossos clientes modelos exclusivos das melhores marcas nacionais e internacionais. Com foco na excel\u00eancia e na satisfa\u00e7\u00e3o do cliente, trabalhamos diariamente para garantir uma experi\u00eancia de compra simples, [&hellip;]","og_url":"https:\/\/iberwalk.com\/es\/sobre\/","og_site_name":"IberWalk","article_modified_time":"2025-12-16T17:11:56+00:00","og_image":[{"width":1600,"height":1600,"url":"https:\/\/iberwalk.com\/wp-content\/uploads\/2026\/02\/faviconiber.jpeg","type":"image\/jpeg"}],"twitter_card":"summary_large_image","twitter_misc":{"Tiempo de lectura":"1 minuto"},"schema":{"@context":"https:\/\/schema.org","@graph":[{"@type":"WebPage","@id":"https:\/\/iberwalk.com\/sobre\/","url":"https:\/\/iberwalk.com\/sobre\/","name":"Sobre - IberWalk","isPartOf":{"@id":"https:\/\/iberwalk.com\/#website"},"datePublished":"2025-07-24T23:26:41+00:00","dateModified":"2025-12-16T17:11:56+00:00","breadcrumb":{"@id":"https:\/\/iberwalk.com\/sobre\/#breadcrumb"},"inLanguage":"es","potentialAction":[{"@type":"ReadAction","target":["https:\/\/iberwalk.com\/sobre\/"]}]},{"@type":"BreadcrumbList","@id":"https:\/\/iberwalk.com\/sobre\/#breadcrumb","itemListElement":[{"@type":"ListItem","position":1,"name":"Home","item":"https:\/\/iberwalk.com\/"},{"@type":"ListItem","position":2,"name":"Sobre"}]},{"@type":"WebSite","@id":"https:\/\/iberwalk.com\/#website","url":"https:\/\/iberwalk.com\/","name":"Loja Blino","description":"T\u00e9nis tend\u00eancia a pre\u00e7o acess\u00edvel. Estilo premium sem pagar mais.","publisher":{"@id":"https:\/\/iberwalk.com\/#organization"},"potentialAction":[{"@type":"SearchAction","target":{"@type":"EntryPoint","urlTemplate":"https:\/\/iberwalk.com\/?s={search_term_string}"},"query-input":{"@type":"PropertyValueSpecification","valueRequired":true,"valueName":"search_term_string"}}],"inLanguage":"es"},{"@type":"Organization","@id":"https:\/\/iberwalk.com\/#organization","name":"IberWalk","url":"https:\/\/iberwalk.com\/","logo":{"@type":"ImageObject","inLanguage":"es","@id":"https:\/\/iberwalk.com\/#\/schema\/logo\/image\/","url":"https:\/\/iberwalk.com\/wp-content\/uploads\/2026\/02\/faviconiber.jpeg","contentUrl":"https:\/\/iberwalk.com\/wp-content\/uploads\/2026\/02\/faviconiber.jpeg","width":1600,"height":1600,"caption":"IberWalk"},"image":{"@id":"https:\/\/iberwalk.com\/#\/schema\/logo\/image\/"}}]}},"_links":{"self":[{"href":"https:\/\/iberwalk.com\/es\/wp-json\/wp\/v2\/pages\/940","targetHints":{"allow":["GET"]}}],"collection":[{"href":"https:\/\/iberwalk.com\/es\/wp-json\/wp\/v2\/pages"}],"about":[{"href":"https:\/\/iberwalk.com\/es\/wp-json\/wp\/v2\/types\/page"}],"author":[{"embeddable":true,"href":"https:\/\/iberwalk.com\/es\/wp-json\/wp\/v2\/users\/1"}],"replies":[{"embeddable":true,"href":"https:\/\/iberwalk.com\/es\/wp-json\/wp\/v2\/comments?post=940"}],"version-history":[{"count":16,"href":"https:\/\/iberwalk.com\/es\/wp-json\/wp\/v2\/pages\/940\/revisions"}],"predecessor-version":[{"id":3285,"href":"https:\/\/iberwalk.com\/es\/wp-json\/wp\/v2\/pages\/940\/revisions\/3285"}],"wp:attachment":[{"href":"https:\/\/iberwalk.com\/es\/wp-json\/wp\/v2\/media?parent=940"}],"curies":[{"name":"wp","href":"https:\/\/api.w.org\/{rel}","templated":true}]}}