{"id":3275,"date":"2025-12-16T17:09:39","date_gmt":"2025-12-16T17:09:39","guid":{"rendered":"https:\/\/iberwalk.com\/?page_id=3275"},"modified":"2025-12-16T17:11:40","modified_gmt":"2025-12-16T17:11:40","slug":"termos-e-condicoes-de-utilizacao-e-venda","status":"publish","type":"page","link":"https:\/\/iberwalk.com\/es\/termos-e-condicoes-de-utilizacao-e-venda\/","title":{"rendered":"T\u00e9rminos y Condiciones de Uso y Venta"},"content":{"rendered":"<div data-elementor-type=\"wp-page\" data-elementor-id=\"3275\" class=\"elementor elementor-3275\" data-elementor-post-type=\"page\">\n\t\t\t\t<div class=\"elementor-element elementor-element-36956b0 e-flex e-con-boxed e-con e-parent\" data-id=\"36956b0\" data-element_type=\"container\" data-core-v316-plus=\"true\">\n\t\t\t\t\t<div class=\"e-con-inner\">\n\t\t\t\t<div class=\"elementor-element elementor-element-0a79ee2 elementor-widget elementor-widget-heading\" data-id=\"0a79ee2\" data-element_type=\"widget\" data-widget_type=\"heading.default\">\n\t\t\t\t<div class=\"elementor-widget-container\">\n\t\t\t<style>\/*! elementor - v3.20.0 - 20-03-2024 *\/\n.elementor-heading-title{padding:0;margin:0;line-height:1}.elementor-widget-heading .elementor-heading-title[class*=elementor-size-]>a{color:inherit;font-size:inherit;line-height:inherit}.elementor-widget-heading .elementor-heading-title.elementor-size-small{font-size:15px}.elementor-widget-heading .elementor-heading-title.elementor-size-medium{font-size:19px}.elementor-widget-heading .elementor-heading-title.elementor-size-large{font-size:29px}.elementor-widget-heading .elementor-heading-title.elementor-size-xl{font-size:39px}.elementor-widget-heading .elementor-heading-title.elementor-size-xxl{font-size:59px}<\/style><h2 class=\"elementor-heading-title elementor-size-default\">T\u00e9rminos y Condiciones de Uso y Venta\n<\/h2>\t\t<\/div>\n\t\t\t\t<\/div>\n\t\t\t\t<div class=\"elementor-element elementor-element-7949f68 elementor-widget elementor-widget-text-editor\" data-id=\"7949f68\" data-element_type=\"widget\" data-widget_type=\"text-editor.default\">\n\t\t\t\t<div class=\"elementor-widget-container\">\n\t\t\t<style>\/*! elementor - v3.20.0 - 20-03-2024 *\/\n.elementor-widget-text-editor.elementor-drop-cap-view-stacked .elementor-drop-cap{background-color:#69727d;color:#fff}.elementor-widget-text-editor.elementor-drop-cap-view-framed .elementor-drop-cap{color:#69727d;border:3px solid;background-color:transparent}.elementor-widget-text-editor:not(.elementor-drop-cap-view-default) .elementor-drop-cap{margin-top:8px}.elementor-widget-text-editor:not(.elementor-drop-cap-view-default) .elementor-drop-cap-letter{width:1em;height:1em}.elementor-widget-text-editor .elementor-drop-cap{float:left;text-align:center;line-height:1;font-size:50px}.elementor-widget-text-editor .elementor-drop-cap-letter{display:inline-block}<\/style>\t\t\t\t<p>1. Alcance<br \/>El presente documento regula los t\u00e9rminos y condiciones de uso del sitio web de IBER WALK y la compra de productos a trav\u00e9s del mismo.<br \/>Al acceder al sitio web o realizar una compra, el usuario declara aceptar \u00edntegramente los presentes T\u00e9rminos y Condiciones.<br \/>________________________________________<br \/>2. Informaci\u00f3n de la tienda<br \/>IBER WALK es la entidad responsable del funcionamiento de este sitio web y de la venta de los productos aqu\u00ed disponibles.<br \/>Contactos:<br \/>correo electr\u00f3nico: <br \/>Tel\u00e9fono: (+351) 912 544 255 (Llamada a la red m\u00f3vil nacional)<br \/>________________________________________<br \/>3. Productos y precios<br \/>\u2022 Los productos mostrados en el sitio web incluyen descripci\u00f3n y precio final en euros (\u20ac), IVA incluido.<br \/>\u2022 Las im\u00e1genes son s\u00f3lo para fines ilustrativos y pueden no reflejar exactamente el producto final.<br \/>\u2022 Nos reservamos el derecho de cambiar precios, promociones o caracter\u00edsticas del producto en cualquier momento sin previo aviso.<br \/>________________________________________<br \/>4. Proceso de compra<br \/>1. O cliente deve registar-se ou fornecer os seus dados para efetuar a compra.<br \/>2. Luego de seleccionar tus productos, deber\u00e1s completar el proceso de compra y pago.<br \/>3. El cliente recibir\u00e1 un correo electr\u00f3nico de confirmaci\u00f3n del pedido. <br \/>4. El contrato de compraventa se considera concluido con la confirmaci\u00f3n del pago.<br \/>________________________________________<br \/>5. Pagos<br \/>Se aceptan los siguientes m\u00e9todos de pago: Entidad Multibanco y Referencia o Contra Reembolso.<br \/>________________________________________<br \/>6. Entregas<br \/>\u2022 Los pedidos se entregan en Portugal y Espa\u00f1a.<br \/>\u2022 Plazos medios de entrega: 2 a 3 d\u00edas laborables para Portugal continental y Espa\u00f1a, y 5 d\u00edas laborables para Azores y Madeira.<br \/>\u2022 Los gastos de env\u00edo se muestran al momento del pago.<br \/>\u2022 No nos hacemos responsables de retrasos atribuibles a los transportistas o a factores externos (huelgas, condiciones clim\u00e1ticas, etc.).<br \/>________________________________________<br \/>7. Pol\u00edtica de cambios<br \/>\u2022 No ofrecemos reembolsos por devoluciones.<br \/>\u2022 Aceptamos cambios de talla o cambios por otro art\u00edculo de igual o mayor valor.<br \/>\u2022 Si el nuevo art\u00edculo es m\u00e1s caro, el cliente deber\u00e1 pagar la diferencia.<br \/>\u2022 Todos los costos de env\u00edo y devoluci\u00f3n asociados al cambio son responsabilidad del cliente.<br \/>\u2022 S\u00f3lo se aceptar\u00e1n cambios si: El art\u00edculo est\u00e1 en perfectas condiciones, sin signos de uso;<br \/>El art\u00edculo debe devolverse en su embalaje original;<br \/>La solicitud deber\u00e1 comunicarse mediante correo electr\u00f3nico en el plazo m\u00e1ximo de 15 d\u00edas desde la recepci\u00f3n del pedido.<br \/>\u2022 La tienda se reserva el derecho de rechazar cambios si los art\u00edculos no cumplen estos criterios.<br \/>________________________________________<br \/>8. Responsabilidad<br \/>No seremos responsables de interrupciones temporales del servicio, fallas t\u00e9cnicas u otros problemas fuera de nuestro control.<br \/>El sitio web y los productos se proporcionan \"tal cual\", sin garant\u00edas m\u00e1s all\u00e1 de las previstas por la ley.<br \/>________________________________________<br \/>9. Pol\u00edtica de privacidad y cookies<br \/>Los datos personales recopilados se tratan de acuerdo con la Pol\u00edtica de Privacidad y la Pol\u00edtica de Cookies disponibles en el sitio web.<br \/>________________________________________<br \/>10. Ley aplicable y jurisdicci\u00f3n<br \/>Estos T\u00e9rminos y Condiciones se rigen por la legislaci\u00f3n aplicable.<br \/>Cualquier controversia se someter\u00e1 a los juzgados y tribunales del distrito competente.<\/p>\t\t\t\t\t\t<\/div>\n\t\t\t\t<\/div>\n\t\t\t\t\t<\/div>\n\t\t\t\t<\/div>\n\t\t\t\t<\/div>","protected":false},"excerpt":{"rendered":"<p>Termos e Condi\u00e7\u00f5es de Utiliza\u00e7\u00e3o e Venda 1. \u00c2mbitoO presente documento regula os termos e condi\u00e7\u00f5es de utiliza\u00e7\u00e3o do site IBER WALK e a compra de produtos atrav\u00e9s do mesmo.Ao aceder ao site ou realizar uma compra, o utilizador declara aceitar integralmente estes Termos e Condi\u00e7\u00f5es.________________________________________2. Informa\u00e7\u00e3o sobre a LojaA IBER WALK \u00e9 a entidade [&hellip;]<\/p>","protected":false},"author":2,"featured_media":0,"parent":0,"menu_order":0,"comment_status":"closed","ping_status":"closed","template":"","meta":{"footnotes":""},"class_list":["post-3275","page","type-page","status-publish","hentry"],"yoast_head":"<!-- This site is optimized with the Yoast SEO plugin v27.4 - https:\/\/yoast.com\/product\/yoast-seo-wordpress\/ -->\n<title>Termos e Condi\u00e7\u00f5es de Utiliza\u00e7\u00e3o e Venda - IberWalk<\/title>\n<meta name=\"robots\" content=\"index, follow, max-snippet:-1, max-image-preview:large, max-video-preview:-1\" \/>\n<link rel=\"canonical\" href=\"https:\/\/iberwalk.com\/es\/termos-e-condicoes-de-utilizacao-e-venda\/\" \/>\n<meta property=\"og:locale\" content=\"es_ES\" \/>\n<meta property=\"og:type\" content=\"article\" \/>\n<meta property=\"og:title\" content=\"Termos e Condi\u00e7\u00f5es de Utiliza\u00e7\u00e3o e Venda - IberWalk\" \/>\n<meta property=\"og:description\" content=\"Termos e Condi\u00e7\u00f5es de Utiliza\u00e7\u00e3o e Venda 1. \u00c2mbitoO presente documento regula os termos e condi\u00e7\u00f5es de utiliza\u00e7\u00e3o do site IBER WALK e a compra de produtos atrav\u00e9s do mesmo.Ao aceder ao site ou realizar uma compra, o utilizador declara aceitar integralmente estes Termos e Condi\u00e7\u00f5es.________________________________________2. Informa\u00e7\u00e3o sobre a LojaA IBER WALK \u00e9 a entidade [&hellip;]\" \/>\n<meta property=\"og:url\" content=\"https:\/\/iberwalk.com\/es\/termos-e-condicoes-de-utilizacao-e-venda\/\" \/>\n<meta property=\"og:site_name\" content=\"IberWalk\" \/>\n<meta property=\"article:modified_time\" content=\"2025-12-16T17:11:40+00:00\" \/>\n<meta property=\"og:image\" content=\"https:\/\/iberwalk.com\/wp-content\/uploads\/2026\/02\/faviconiber.jpeg\" \/>\n\t<meta property=\"og:image:width\" content=\"1600\" \/>\n\t<meta property=\"og:image:height\" content=\"1600\" \/>\n\t<meta property=\"og:image:type\" content=\"image\/jpeg\" \/>\n<meta name=\"twitter:card\" content=\"summary_large_image\" \/>\n<meta name=\"twitter:label1\" content=\"Tiempo de lectura\" \/>\n\t<meta name=\"twitter:data1\" content=\"2 minutos\" \/>\n<script type=\"application\/ld+json\" class=\"yoast-schema-graph\">{\"@context\":\"https:\\\/\\\/schema.org\",\"@graph\":[{\"@type\":\"WebPage\",\"@id\":\"https:\\\/\\\/iberwalk.com\\\/termos-e-condicoes-de-utilizacao-e-venda\\\/\",\"url\":\"https:\\\/\\\/iberwalk.com\\\/termos-e-condicoes-de-utilizacao-e-venda\\\/\",\"name\":\"Termos e Condi\u00e7\u00f5es de Utiliza\u00e7\u00e3o e Venda - IberWalk\",\"isPartOf\":{\"@id\":\"https:\\\/\\\/iberwalk.com\\\/#website\"},\"datePublished\":\"2025-12-16T17:09:39+00:00\",\"dateModified\":\"2025-12-16T17:11:40+00:00\",\"breadcrumb\":{\"@id\":\"https:\\\/\\\/iberwalk.com\\\/termos-e-condicoes-de-utilizacao-e-venda\\\/#breadcrumb\"},\"inLanguage\":\"es\",\"potentialAction\":[{\"@type\":\"ReadAction\",\"target\":[\"https:\\\/\\\/iberwalk.com\\\/termos-e-condicoes-de-utilizacao-e-venda\\\/\"]}]},{\"@type\":\"BreadcrumbList\",\"@id\":\"https:\\\/\\\/iberwalk.com\\\/termos-e-condicoes-de-utilizacao-e-venda\\\/#breadcrumb\",\"itemListElement\":[{\"@type\":\"ListItem\",\"position\":1,\"name\":\"Home\",\"item\":\"https:\\\/\\\/iberwalk.com\\\/\"},{\"@type\":\"ListItem\",\"position\":2,\"name\":\"Termos e Condi\u00e7\u00f5es de Utiliza\u00e7\u00e3o e Venda\"}]},{\"@type\":\"WebSite\",\"@id\":\"https:\\\/\\\/iberwalk.com\\\/#website\",\"url\":\"https:\\\/\\\/iberwalk.com\\\/\",\"name\":\"Loja Blino\",\"description\":\"T\u00e9nis tend\u00eancia a pre\u00e7o acess\u00edvel. Estilo premium sem pagar mais.\",\"publisher\":{\"@id\":\"https:\\\/\\\/iberwalk.com\\\/#organization\"},\"potentialAction\":[{\"@type\":\"SearchAction\",\"target\":{\"@type\":\"EntryPoint\",\"urlTemplate\":\"https:\\\/\\\/iberwalk.com\\\/?s={search_term_string}\"},\"query-input\":{\"@type\":\"PropertyValueSpecification\",\"valueRequired\":true,\"valueName\":\"search_term_string\"}}],\"inLanguage\":\"es\"},{\"@type\":\"Organization\",\"@id\":\"https:\\\/\\\/iberwalk.com\\\/#organization\",\"name\":\"IberWalk\",\"url\":\"https:\\\/\\\/iberwalk.com\\\/\",\"logo\":{\"@type\":\"ImageObject\",\"inLanguage\":\"es\",\"@id\":\"https:\\\/\\\/iberwalk.com\\\/#\\\/schema\\\/logo\\\/image\\\/\",\"url\":\"https:\\\/\\\/iberwalk.com\\\/wp-content\\\/uploads\\\/2026\\\/02\\\/faviconiber.jpeg\",\"contentUrl\":\"https:\\\/\\\/iberwalk.com\\\/wp-content\\\/uploads\\\/2026\\\/02\\\/faviconiber.jpeg\",\"width\":1600,\"height\":1600,\"caption\":\"IberWalk\"},\"image\":{\"@id\":\"https:\\\/\\\/iberwalk.com\\\/#\\\/schema\\\/logo\\\/image\\\/\"}}]}<\/script>\n<!-- \/ Yoast SEO plugin. -->","yoast_head_json":{"title":"Termos e Condi\u00e7\u00f5es de Utiliza\u00e7\u00e3o e Venda - IberWalk","robots":{"index":"index","follow":"follow","max-snippet":"max-snippet:-1","max-image-preview":"max-image-preview:large","max-video-preview":"max-video-preview:-1"},"canonical":"https:\/\/iberwalk.com\/es\/termos-e-condicoes-de-utilizacao-e-venda\/","og_locale":"es_ES","og_type":"article","og_title":"Termos e Condi\u00e7\u00f5es de Utiliza\u00e7\u00e3o e Venda - IberWalk","og_description":"Termos e Condi\u00e7\u00f5es de Utiliza\u00e7\u00e3o e Venda 1. \u00c2mbitoO presente documento regula os termos e condi\u00e7\u00f5es de utiliza\u00e7\u00e3o do site IBER WALK e a compra de produtos atrav\u00e9s do mesmo.Ao aceder ao site ou realizar uma compra, o utilizador declara aceitar integralmente estes Termos e Condi\u00e7\u00f5es.________________________________________2. Informa\u00e7\u00e3o sobre a LojaA IBER WALK \u00e9 a entidade [&hellip;]","og_url":"https:\/\/iberwalk.com\/es\/termos-e-condicoes-de-utilizacao-e-venda\/","og_site_name":"IberWalk","article_modified_time":"2025-12-16T17:11:40+00:00","og_image":[{"width":1600,"height":1600,"url":"https:\/\/iberwalk.com\/wp-content\/uploads\/2026\/02\/faviconiber.jpeg","type":"image\/jpeg"}],"twitter_card":"summary_large_image","twitter_misc":{"Tiempo de lectura":"2 minutos"},"schema":{"@context":"https:\/\/schema.org","@graph":[{"@type":"WebPage","@id":"https:\/\/iberwalk.com\/termos-e-condicoes-de-utilizacao-e-venda\/","url":"https:\/\/iberwalk.com\/termos-e-condicoes-de-utilizacao-e-venda\/","name":"Termos e Condi\u00e7\u00f5es de Utiliza\u00e7\u00e3o e Venda - IberWalk","isPartOf":{"@id":"https:\/\/iberwalk.com\/#website"},"datePublished":"2025-12-16T17:09:39+00:00","dateModified":"2025-12-16T17:11:40+00:00","breadcrumb":{"@id":"https:\/\/iberwalk.com\/termos-e-condicoes-de-utilizacao-e-venda\/#breadcrumb"},"inLanguage":"es","potentialAction":[{"@type":"ReadAction","target":["https:\/\/iberwalk.com\/termos-e-condicoes-de-utilizacao-e-venda\/"]}]},{"@type":"BreadcrumbList","@id":"https:\/\/iberwalk.com\/termos-e-condicoes-de-utilizacao-e-venda\/#breadcrumb","itemListElement":[{"@type":"ListItem","position":1,"name":"Home","item":"https:\/\/iberwalk.com\/"},{"@type":"ListItem","position":2,"name":"Termos e Condi\u00e7\u00f5es de Utiliza\u00e7\u00e3o e Venda"}]},{"@type":"WebSite","@id":"https:\/\/iberwalk.com\/#website","url":"https:\/\/iberwalk.com\/","name":"Loja Blino","description":"T\u00e9nis tend\u00eancia a pre\u00e7o acess\u00edvel. Estilo premium sem pagar mais.","publisher":{"@id":"https:\/\/iberwalk.com\/#organization"},"potentialAction":[{"@type":"SearchAction","target":{"@type":"EntryPoint","urlTemplate":"https:\/\/iberwalk.com\/?s={search_term_string}"},"query-input":{"@type":"PropertyValueSpecification","valueRequired":true,"valueName":"search_term_string"}}],"inLanguage":"es"},{"@type":"Organization","@id":"https:\/\/iberwalk.com\/#organization","name":"IberWalk","url":"https:\/\/iberwalk.com\/","logo":{"@type":"ImageObject","inLanguage":"es","@id":"https:\/\/iberwalk.com\/#\/schema\/logo\/image\/","url":"https:\/\/iberwalk.com\/wp-content\/uploads\/2026\/02\/faviconiber.jpeg","contentUrl":"https:\/\/iberwalk.com\/wp-content\/uploads\/2026\/02\/faviconiber.jpeg","width":1600,"height":1600,"caption":"IberWalk"},"image":{"@id":"https:\/\/iberwalk.com\/#\/schema\/logo\/image\/"}}]}},"_links":{"self":[{"href":"https:\/\/iberwalk.com\/es\/wp-json\/wp\/v2\/pages\/3275","targetHints":{"allow":["GET"]}}],"collection":[{"href":"https:\/\/iberwalk.com\/es\/wp-json\/wp\/v2\/pages"}],"about":[{"href":"https:\/\/iberwalk.com\/es\/wp-json\/wp\/v2\/types\/page"}],"author":[{"embeddable":true,"href":"https:\/\/iberwalk.com\/es\/wp-json\/wp\/v2\/users\/2"}],"replies":[{"embeddable":true,"href":"https:\/\/iberwalk.com\/es\/wp-json\/wp\/v2\/comments?post=3275"}],"version-history":[{"count":7,"href":"https:\/\/iberwalk.com\/es\/wp-json\/wp\/v2\/pages\/3275\/revisions"}],"predecessor-version":[{"id":3282,"href":"https:\/\/iberwalk.com\/es\/wp-json\/wp\/v2\/pages\/3275\/revisions\/3282"}],"wp:attachment":[{"href":"https:\/\/iberwalk.com\/es\/wp-json\/wp\/v2\/media?parent=3275"}],"curies":[{"name":"wp","href":"https:\/\/api.w.org\/{rel}","templated":true}]}}