{"id":19,"date":"2025-06-22T15:15:39","date_gmt":"2025-06-22T15:15:39","guid":{"rendered":"https:\/\/iberwalk.com\/?page_id=19"},"modified":"2025-11-25T20:58:54","modified_gmt":"2025-11-25T20:58:54","slug":"politicas-de-privacidade","status":"publish","type":"page","link":"https:\/\/iberwalk.com\/es\/politicas-de-privacidade\/","title":{"rendered":"Pol\u00edticas de privacidad"},"content":{"rendered":"<div data-elementor-type=\"wp-page\" data-elementor-id=\"19\" class=\"elementor elementor-19\" data-elementor-post-type=\"page\">\n\t\t\t\t<div class=\"elementor-element elementor-element-70ad9a52 e-flex e-con-boxed e-con e-parent\" data-id=\"70ad9a52\" data-element_type=\"container\" data-core-v316-plus=\"true\">\n\t\t\t\t\t<div class=\"e-con-inner\">\n\t\t\t\t<div class=\"elementor-element elementor-element-3008f38 elementor-widget__width-initial elementor-widget elementor-widget-image\" data-id=\"3008f38\" data-element_type=\"widget\" data-widget_type=\"image.default\">\n\t\t\t\t<div class=\"elementor-widget-container\">\n\t\t\t<style>\/*! elementor - v3.20.0 - 20-03-2024 *\/\n.elementor-widget-image{text-align:center}.elementor-widget-image a{display:inline-block}.elementor-widget-image a img[src$=\".svg\"]{width:48px}.elementor-widget-image img{vertical-align:middle;display:inline-block}<\/style>\t\t\t\t\t\t\t\t\t\t<img fetchpriority=\"high\" decoding=\"async\" width=\"450\" height=\"600\" src=\"https:\/\/iberwalk.com\/wp-content\/uploads\/2025\/07\/politica.svg\" class=\"attachment-large size-large wp-image-1072\" alt=\"\" \/>\t\t\t\t\t\t\t\t\t\t\t\t\t<\/div>\n\t\t\t\t<\/div>\n\t\t\t\t<div class=\"elementor-element elementor-element-8074457 elementor-widget elementor-widget-heading\" data-id=\"8074457\" data-element_type=\"widget\" data-widget_type=\"heading.default\">\n\t\t\t\t<div class=\"elementor-widget-container\">\n\t\t\t<style>\/*! elementor - v3.20.0 - 20-03-2024 *\/\n.elementor-heading-title{padding:0;margin:0;line-height:1}.elementor-widget-heading .elementor-heading-title[class*=elementor-size-]>a{color:inherit;font-size:inherit;line-height:inherit}.elementor-widget-heading .elementor-heading-title.elementor-size-small{font-size:15px}.elementor-widget-heading .elementor-heading-title.elementor-size-medium{font-size:19px}.elementor-widget-heading .elementor-heading-title.elementor-size-large{font-size:29px}.elementor-widget-heading .elementor-heading-title.elementor-size-xl{font-size:39px}.elementor-widget-heading .elementor-heading-title.elementor-size-xxl{font-size:59px}<\/style><h2 class=\"elementor-heading-title elementor-size-default\">Pol\u00edtica de privacidad<\/h2>\t\t<\/div>\n\t\t\t\t<\/div>\n\t\t\t\t<div class=\"elementor-element elementor-element-3acb7ff elementor-widget elementor-widget-text-editor\" data-id=\"3acb7ff\" data-element_type=\"widget\" data-widget_type=\"text-editor.default\">\n\t\t\t\t<div class=\"elementor-widget-container\">\n\t\t\t<style>\/*! elementor - v3.20.0 - 20-03-2024 *\/\n.elementor-widget-text-editor.elementor-drop-cap-view-stacked .elementor-drop-cap{background-color:#69727d;color:#fff}.elementor-widget-text-editor.elementor-drop-cap-view-framed .elementor-drop-cap{color:#69727d;border:3px solid;background-color:transparent}.elementor-widget-text-editor:not(.elementor-drop-cap-view-default) .elementor-drop-cap{margin-top:8px}.elementor-widget-text-editor:not(.elementor-drop-cap-view-default) .elementor-drop-cap-letter{width:1em;height:1em}.elementor-widget-text-editor .elementor-drop-cap{float:left;text-align:center;line-height:1;font-size:50px}.elementor-widget-text-editor .elementor-drop-cap-letter{display:inline-block}<\/style>\t\t\t\t<div class=\"elementor-element elementor-element-632ff30 elementor-widget elementor-widget-heading\" data-id=\"632ff30\" data-element_type=\"widget\" data-widget_type=\"heading.default\"><p>Su privacidad es importante para nosotros. La pol\u00edtica de IberWalk es respetar su privacidad con respecto a cualquier informaci\u00f3n que recopilemos de usted en el sitio web de IberWalk y en otros sitios web que poseemos y operamos.<\/p><p>Solo solicitamos informaci\u00f3n personal cuando realmente la necesitamos para prestarle un servicio. Lo hacemos de forma justa y legal, con su conocimiento y consentimiento. Tambi\u00e9n le informamos por qu\u00e9 la recopilamos y c\u00f3mo la utilizaremos.<\/p><p>Solo conservamos la informaci\u00f3n recopilada el tiempo necesario para prestar el servicio solicitado. Al almacenar datos, los protegemos con medios comercialmente aceptables para evitar p\u00e9rdidas y robos, as\u00ed como el acceso, la divulgaci\u00f3n, la copia, el uso o la modificaci\u00f3n no autorizados.<\/p><p>No compartimos informaci\u00f3n de identificaci\u00f3n personal p\u00fablicamente ni con terceros, excepto cuando lo exige la ley.<\/p><p>Nuestro sitio web puede contener enlaces a sitios externos que no operamos. Tenga en cuenta que no tenemos control sobre el contenido ni las pr\u00e1cticas de estos sitios y no nos hacemos responsables de sus respectivas pol\u00edticas de privacidad.<\/p><p>Usted es libre de rechazar nuestra solicitud de informaci\u00f3n personal, entendiendo que es posible que no podamos brindarle algunos de los servicios que desea.<\/p><p>El uso continuado de nuestro sitio web se considerar\u00e1 como la aceptaci\u00f3n de nuestras pr\u00e1cticas de privacidad e informaci\u00f3n personal. Si tiene alguna pregunta sobre c\u00f3mo gestionamos los datos de los usuarios y la informaci\u00f3n personal, p\u00f3ngase en contacto con nosotros.<\/p><p><br \/>El servicio Google AdSense que utilizamos para mostrar publicidad utiliza una cookie de DoubleClick para ofrecer anuncios m\u00e1s relevantes en la web y limitar la cantidad de veces que se le muestra un anuncio determinado.<br \/>Para mais informa\u00e7\u00f5es sobre o Google AdSense, consulte as FAQs oficiais sobre privacidade do Google AdSense.<br \/>Utilizamos publicidad para compensar los costes de funcionamiento de este sitio y financiar su desarrollo futuro. Las cookies de publicidad comportamental que utiliza este sitio est\u00e1n dise\u00f1adas para garantizar que se le muestren los anuncios m\u00e1s relevantes siempre que sea posible, rastreando an\u00f3nimamente sus intereses y presentando contenido similar que pueda interesarle.<br \/>Varios socios hacen publicidad en nuestro nombre, y las cookies de seguimiento de afiliados simplemente nos permiten ver si nuestros clientes accedieron al sitio a trav\u00e9s de uno de los sitios de nuestros socios, para que podamos acreditarlos adecuadamente y, cuando corresponda, permitir que nuestros socios afiliados ofrezcan cualquier promoci\u00f3n que puedan proporcionar para alentarlo a realizar una compra.<\/p><p><br \/>Compromiso del usuario<br \/>El usuario se compromete a hacer un uso adecuado del contenido e informaci\u00f3n que IberWalk ofrece en el sitio web y con car\u00e1cter enunciativo pero no limitativo:<\/p><p>A) No incurrir en actividades ilegales o contrarias a la buena fe y al orden p\u00fablico;<br \/>B) No difundir propaganda o contenidos de car\u00e1cter racista, xen\u00f3fobo, relacionado con juegos de azar o apuestas, cualquier tipo de pornograf\u00eda ilegal, o que fomente el terrorismo o atente contra los derechos humanos;<br \/>C) No provocar da\u00f1os en los sistemas f\u00edsicos (hardware) y l\u00f3gicos (software) de IberWalk, de sus proveedores o de terceras personas, introducir o difundir en la red virus inform\u00e1ticos o cualesquiera otros sistemas f\u00edsicos o l\u00f3gicos que sean susceptibles de provocar los da\u00f1os anteriormente mencionados.<br \/>Mais informa\u00e7\u00f5es<br \/>Esperamos que esto est\u00e9 claro y, como se mencion\u00f3 anteriormente, si hay algo que no est\u00e1 seguro si necesita o no, generalmente es m\u00e1s seguro dejar las cookies habilitadas en caso de que interact\u00fae con una de las funciones que utiliza en nuestro sitio web.<\/p><p>Esta pol\u00edtica entra en vigencia a partir del 25 de noviembre de 2025 a las 8:40 a. m.<\/p><\/div>\t\t\t\t\t\t<\/div>\n\t\t\t\t<\/div>\n\t\t\t\t\t<\/div>\n\t\t\t\t<\/div>\n\t\t\t\t<\/div>","protected":false},"excerpt":{"rendered":"<p>Pol\u00edtica de Privacidade A sua privacidade \u00e9 importante para n\u00f3s. \u00c9 pol\u00edtica do IberWalk respeitar a sua privacidade em rela\u00e7\u00e3o a qualquer informa\u00e7\u00e3o sua que possamos coletar no site IberWalk, e outros sites que possu\u00edmos e operamos. Solicitamos informa\u00e7\u00f5es pessoais apenas quando realmente precisamos delas para lhe fornecer um servi\u00e7o. Fazemo-lo por meios justos e [&hellip;]<\/p>","protected":false},"author":1,"featured_media":0,"parent":0,"menu_order":0,"comment_status":"closed","ping_status":"closed","template":"","meta":{"footnotes":""},"class_list":["post-19","page","type-page","status-publish","hentry"],"yoast_head":"<!-- This site is optimized with the Yoast SEO plugin v27.4 - https:\/\/yoast.com\/product\/yoast-seo-wordpress\/ -->\n<title>Pol\u00edticas de privacidade - IberWalk<\/title>\n<meta name=\"robots\" content=\"index, follow, max-snippet:-1, max-image-preview:large, max-video-preview:-1\" \/>\n<link rel=\"canonical\" href=\"https:\/\/iberwalk.com\/es\/politicas-de-privacidade\/\" \/>\n<meta property=\"og:locale\" content=\"es_ES\" \/>\n<meta property=\"og:type\" content=\"article\" \/>\n<meta property=\"og:title\" content=\"Pol\u00edticas de privacidade - IberWalk\" \/>\n<meta property=\"og:description\" content=\"Pol\u00edtica de Privacidade A sua privacidade \u00e9 importante para n\u00f3s. \u00c9 pol\u00edtica do IberWalk respeitar a sua privacidade em rela\u00e7\u00e3o a qualquer informa\u00e7\u00e3o sua que possamos coletar no site IberWalk, e outros sites que possu\u00edmos e operamos. Solicitamos informa\u00e7\u00f5es pessoais apenas quando realmente precisamos delas para lhe fornecer um servi\u00e7o. Fazemo-lo por meios justos e [&hellip;]\" \/>\n<meta property=\"og:url\" content=\"https:\/\/iberwalk.com\/es\/politicas-de-privacidade\/\" \/>\n<meta property=\"og:site_name\" content=\"IberWalk\" \/>\n<meta property=\"article:modified_time\" content=\"2025-11-25T20:58:54+00:00\" \/>\n<meta property=\"og:image\" content=\"https:\/\/iberwalk.com\/wp-content\/uploads\/2026\/02\/faviconiber.jpeg\" \/>\n\t<meta property=\"og:image:width\" content=\"1600\" \/>\n\t<meta property=\"og:image:height\" content=\"1600\" \/>\n\t<meta property=\"og:image:type\" content=\"image\/jpeg\" \/>\n<meta name=\"twitter:card\" content=\"summary_large_image\" \/>\n<meta name=\"twitter:label1\" content=\"Tiempo de lectura\" \/>\n\t<meta name=\"twitter:data1\" content=\"3 minutos\" \/>\n<script type=\"application\/ld+json\" class=\"yoast-schema-graph\">{\"@context\":\"https:\\\/\\\/schema.org\",\"@graph\":[{\"@type\":\"WebPage\",\"@id\":\"https:\\\/\\\/iberwalk.com\\\/politicas-de-privacidade\\\/\",\"url\":\"https:\\\/\\\/iberwalk.com\\\/politicas-de-privacidade\\\/\",\"name\":\"Pol\u00edticas de privacidade - IberWalk\",\"isPartOf\":{\"@id\":\"https:\\\/\\\/iberwalk.com\\\/#website\"},\"primaryImageOfPage\":{\"@id\":\"https:\\\/\\\/iberwalk.com\\\/politicas-de-privacidade\\\/#primaryimage\"},\"image\":{\"@id\":\"https:\\\/\\\/iberwalk.com\\\/politicas-de-privacidade\\\/#primaryimage\"},\"thumbnailUrl\":\"https:\\\/\\\/iberwalk.com\\\/wp-content\\\/uploads\\\/2025\\\/07\\\/politica.svg\",\"datePublished\":\"2025-06-22T15:15:39+00:00\",\"dateModified\":\"2025-11-25T20:58:54+00:00\",\"breadcrumb\":{\"@id\":\"https:\\\/\\\/iberwalk.com\\\/politicas-de-privacidade\\\/#breadcrumb\"},\"inLanguage\":\"es\",\"potentialAction\":[{\"@type\":\"ReadAction\",\"target\":[\"https:\\\/\\\/iberwalk.com\\\/politicas-de-privacidade\\\/\"]}]},{\"@type\":\"ImageObject\",\"inLanguage\":\"es\",\"@id\":\"https:\\\/\\\/iberwalk.com\\\/politicas-de-privacidade\\\/#primaryimage\",\"url\":\"https:\\\/\\\/iberwalk.com\\\/wp-content\\\/uploads\\\/2025\\\/07\\\/politica.svg\",\"contentUrl\":\"https:\\\/\\\/iberwalk.com\\\/wp-content\\\/uploads\\\/2025\\\/07\\\/politica.svg\"},{\"@type\":\"BreadcrumbList\",\"@id\":\"https:\\\/\\\/iberwalk.com\\\/politicas-de-privacidade\\\/#breadcrumb\",\"itemListElement\":[{\"@type\":\"ListItem\",\"position\":1,\"name\":\"Home\",\"item\":\"https:\\\/\\\/iberwalk.com\\\/\"},{\"@type\":\"ListItem\",\"position\":2,\"name\":\"Pol\u00edticas de privacidade\"}]},{\"@type\":\"WebSite\",\"@id\":\"https:\\\/\\\/iberwalk.com\\\/#website\",\"url\":\"https:\\\/\\\/iberwalk.com\\\/\",\"name\":\"Loja Blino\",\"description\":\"T\u00e9nis tend\u00eancia a pre\u00e7o acess\u00edvel. Estilo premium sem pagar mais.\",\"publisher\":{\"@id\":\"https:\\\/\\\/iberwalk.com\\\/#organization\"},\"potentialAction\":[{\"@type\":\"SearchAction\",\"target\":{\"@type\":\"EntryPoint\",\"urlTemplate\":\"https:\\\/\\\/iberwalk.com\\\/?s={search_term_string}\"},\"query-input\":{\"@type\":\"PropertyValueSpecification\",\"valueRequired\":true,\"valueName\":\"search_term_string\"}}],\"inLanguage\":\"es\"},{\"@type\":\"Organization\",\"@id\":\"https:\\\/\\\/iberwalk.com\\\/#organization\",\"name\":\"IberWalk\",\"url\":\"https:\\\/\\\/iberwalk.com\\\/\",\"logo\":{\"@type\":\"ImageObject\",\"inLanguage\":\"es\",\"@id\":\"https:\\\/\\\/iberwalk.com\\\/#\\\/schema\\\/logo\\\/image\\\/\",\"url\":\"https:\\\/\\\/iberwalk.com\\\/wp-content\\\/uploads\\\/2026\\\/02\\\/faviconiber.jpeg\",\"contentUrl\":\"https:\\\/\\\/iberwalk.com\\\/wp-content\\\/uploads\\\/2026\\\/02\\\/faviconiber.jpeg\",\"width\":1600,\"height\":1600,\"caption\":\"IberWalk\"},\"image\":{\"@id\":\"https:\\\/\\\/iberwalk.com\\\/#\\\/schema\\\/logo\\\/image\\\/\"}}]}<\/script>\n<!-- \/ Yoast SEO plugin. -->","yoast_head_json":{"title":"Pol\u00edticas de privacidade - IberWalk","robots":{"index":"index","follow":"follow","max-snippet":"max-snippet:-1","max-image-preview":"max-image-preview:large","max-video-preview":"max-video-preview:-1"},"canonical":"https:\/\/iberwalk.com\/es\/politicas-de-privacidade\/","og_locale":"es_ES","og_type":"article","og_title":"Pol\u00edticas de privacidade - IberWalk","og_description":"Pol\u00edtica de Privacidade A sua privacidade \u00e9 importante para n\u00f3s. \u00c9 pol\u00edtica do IberWalk respeitar a sua privacidade em rela\u00e7\u00e3o a qualquer informa\u00e7\u00e3o sua que possamos coletar no site IberWalk, e outros sites que possu\u00edmos e operamos. Solicitamos informa\u00e7\u00f5es pessoais apenas quando realmente precisamos delas para lhe fornecer um servi\u00e7o. Fazemo-lo por meios justos e [&hellip;]","og_url":"https:\/\/iberwalk.com\/es\/politicas-de-privacidade\/","og_site_name":"IberWalk","article_modified_time":"2025-11-25T20:58:54+00:00","og_image":[{"width":1600,"height":1600,"url":"https:\/\/iberwalk.com\/wp-content\/uploads\/2026\/02\/faviconiber.jpeg","type":"image\/jpeg"}],"twitter_card":"summary_large_image","twitter_misc":{"Tiempo de lectura":"3 minutos"},"schema":{"@context":"https:\/\/schema.org","@graph":[{"@type":"WebPage","@id":"https:\/\/iberwalk.com\/politicas-de-privacidade\/","url":"https:\/\/iberwalk.com\/politicas-de-privacidade\/","name":"Pol\u00edticas de privacidade - IberWalk","isPartOf":{"@id":"https:\/\/iberwalk.com\/#website"},"primaryImageOfPage":{"@id":"https:\/\/iberwalk.com\/politicas-de-privacidade\/#primaryimage"},"image":{"@id":"https:\/\/iberwalk.com\/politicas-de-privacidade\/#primaryimage"},"thumbnailUrl":"https:\/\/iberwalk.com\/wp-content\/uploads\/2025\/07\/politica.svg","datePublished":"2025-06-22T15:15:39+00:00","dateModified":"2025-11-25T20:58:54+00:00","breadcrumb":{"@id":"https:\/\/iberwalk.com\/politicas-de-privacidade\/#breadcrumb"},"inLanguage":"es","potentialAction":[{"@type":"ReadAction","target":["https:\/\/iberwalk.com\/politicas-de-privacidade\/"]}]},{"@type":"ImageObject","inLanguage":"es","@id":"https:\/\/iberwalk.com\/politicas-de-privacidade\/#primaryimage","url":"https:\/\/iberwalk.com\/wp-content\/uploads\/2025\/07\/politica.svg","contentUrl":"https:\/\/iberwalk.com\/wp-content\/uploads\/2025\/07\/politica.svg"},{"@type":"BreadcrumbList","@id":"https:\/\/iberwalk.com\/politicas-de-privacidade\/#breadcrumb","itemListElement":[{"@type":"ListItem","position":1,"name":"Home","item":"https:\/\/iberwalk.com\/"},{"@type":"ListItem","position":2,"name":"Pol\u00edticas de privacidade"}]},{"@type":"WebSite","@id":"https:\/\/iberwalk.com\/#website","url":"https:\/\/iberwalk.com\/","name":"Loja Blino","description":"T\u00e9nis tend\u00eancia a pre\u00e7o acess\u00edvel. Estilo premium sem pagar mais.","publisher":{"@id":"https:\/\/iberwalk.com\/#organization"},"potentialAction":[{"@type":"SearchAction","target":{"@type":"EntryPoint","urlTemplate":"https:\/\/iberwalk.com\/?s={search_term_string}"},"query-input":{"@type":"PropertyValueSpecification","valueRequired":true,"valueName":"search_term_string"}}],"inLanguage":"es"},{"@type":"Organization","@id":"https:\/\/iberwalk.com\/#organization","name":"IberWalk","url":"https:\/\/iberwalk.com\/","logo":{"@type":"ImageObject","inLanguage":"es","@id":"https:\/\/iberwalk.com\/#\/schema\/logo\/image\/","url":"https:\/\/iberwalk.com\/wp-content\/uploads\/2026\/02\/faviconiber.jpeg","contentUrl":"https:\/\/iberwalk.com\/wp-content\/uploads\/2026\/02\/faviconiber.jpeg","width":1600,"height":1600,"caption":"IberWalk"},"image":{"@id":"https:\/\/iberwalk.com\/#\/schema\/logo\/image\/"}}]}},"_links":{"self":[{"href":"https:\/\/iberwalk.com\/es\/wp-json\/wp\/v2\/pages\/19","targetHints":{"allow":["GET"]}}],"collection":[{"href":"https:\/\/iberwalk.com\/es\/wp-json\/wp\/v2\/pages"}],"about":[{"href":"https:\/\/iberwalk.com\/es\/wp-json\/wp\/v2\/types\/page"}],"author":[{"embeddable":true,"href":"https:\/\/iberwalk.com\/es\/wp-json\/wp\/v2\/users\/1"}],"replies":[{"embeddable":true,"href":"https:\/\/iberwalk.com\/es\/wp-json\/wp\/v2\/comments?post=19"}],"version-history":[{"count":30,"href":"https:\/\/iberwalk.com\/es\/wp-json\/wp\/v2\/pages\/19\/revisions"}],"predecessor-version":[{"id":3111,"href":"https:\/\/iberwalk.com\/es\/wp-json\/wp\/v2\/pages\/19\/revisions\/3111"}],"wp:attachment":[{"href":"https:\/\/iberwalk.com\/es\/wp-json\/wp\/v2\/media?parent=19"}],"curies":[{"name":"wp","href":"https:\/\/api.w.org\/{rel}","templated":true}]}}