{"id":18,"date":"2025-06-21T23:22:45","date_gmt":"2025-06-21T23:22:45","guid":{"rendered":"https:\/\/iberwalk.com\/minha-conta\/"},"modified":"2025-11-26T18:39:55","modified_gmt":"2025-11-26T18:39:55","slug":"minha-conta","status":"publish","type":"page","link":"https:\/\/iberwalk.com\/es\/minha-conta\/","title":{"rendered":"Mi cuenta"},"content":{"rendered":"<div data-elementor-type=\"wp-page\" data-elementor-id=\"18\" class=\"elementor elementor-18\" data-elementor-post-type=\"page\">\n\t\t\t\t<div class=\"elementor-element elementor-element-584b1c65 e-flex e-con-boxed e-con e-parent\" data-id=\"584b1c65\" data-element_type=\"container\" data-core-v316-plus=\"true\">\n\t\t\t\t\t<div class=\"e-con-inner\">\n\t\t\t\t<div class=\"elementor-element elementor-element-02cad4f e-my-account-tabs-horizontal elementor-widget__width-initial elementor-widget-mobile__width-inherit elementor-widget elementor-widget-woocommerce-my-account\" data-id=\"02cad4f\" data-element_type=\"widget\" data-widget_type=\"woocommerce-my-account.default\">\n\t\t\t\t<div class=\"elementor-widget-container\">\n\t\t\t<link rel=\"stylesheet\" href=\"https:\/\/iberwalk.com\/wp-content\/plugins\/elementor-pro\/assets\/css\/widget-woocommerce.min.css\"><div class=\"e-my-account-tab e-my-account-tab__\">\t\t\t<span class=\"elementor-hidden\">[woocommerce_my_account]<\/span>\n\t\t\t<div class=\"woocommerce\"><\/div>\t\t<\/div>\n\t\t\t\t<\/div>\n\t\t\t\t<\/div>\n\t\t\t\t\t<\/div>\n\t\t\t\t<\/div>\n\t\t\t\t<\/div>","protected":false},"excerpt":{"rendered":"<p>Painel Pedidos Downloads Morada Detalhes da Conta Sair Painel Pedidos Downloads Morada Detalhes da Conta Sair Ol\u00e1 admin (n\u00e3o \u00e9 admin? Sair) No painel da sua conta pode ver as encomendas mais recentes, gerir as moradas de envio e de factura\u00e7\u00e3o e editar os detalhes e a senha da conta.<\/p>","protected":false},"author":1,"featured_media":0,"parent":0,"menu_order":0,"comment_status":"closed","ping_status":"closed","template":"","meta":{"footnotes":""},"class_list":["post-18","page","type-page","status-publish","hentry"],"yoast_head":"<!-- This site is optimized with the Yoast SEO plugin v27.4 - https:\/\/yoast.com\/product\/yoast-seo-wordpress\/ -->\n<title>Minha conta - IberWalk<\/title>\n<meta name=\"robots\" content=\"index, follow, max-snippet:-1, max-image-preview:large, max-video-preview:-1\" \/>\n<link rel=\"canonical\" href=\"https:\/\/iberwalk.com\/es\/minha-conta\/\" \/>\n<meta property=\"og:locale\" content=\"es_ES\" \/>\n<meta property=\"og:type\" content=\"article\" \/>\n<meta property=\"og:title\" content=\"Minha conta - IberWalk\" \/>\n<meta property=\"og:description\" content=\"Painel Pedidos Downloads Morada Detalhes da Conta Sair Painel Pedidos Downloads Morada Detalhes da Conta Sair Ol\u00e1 admin (n\u00e3o \u00e9 admin? Sair) No painel da sua conta pode ver as encomendas mais recentes, gerir as moradas de envio e de factura\u00e7\u00e3o e editar os detalhes e a senha da conta.\" \/>\n<meta property=\"og:url\" content=\"https:\/\/iberwalk.com\/es\/minha-conta\/\" \/>\n<meta property=\"og:site_name\" content=\"IberWalk\" \/>\n<meta property=\"article:modified_time\" content=\"2025-11-26T18:39:55+00:00\" \/>\n<meta property=\"og:image\" content=\"https:\/\/iberwalk.com\/wp-content\/uploads\/2026\/02\/faviconiber.jpeg\" \/>\n\t<meta property=\"og:image:width\" content=\"1600\" \/>\n\t<meta property=\"og:image:height\" content=\"1600\" \/>\n\t<meta property=\"og:image:type\" content=\"image\/jpeg\" \/>\n<meta name=\"twitter:card\" content=\"summary_large_image\" \/>\n<script type=\"application\/ld+json\" class=\"yoast-schema-graph\">{\"@context\":\"https:\\\/\\\/schema.org\",\"@graph\":[{\"@type\":\"WebPage\",\"@id\":\"https:\\\/\\\/iberwalk.com\\\/minha-conta\\\/\",\"url\":\"https:\\\/\\\/iberwalk.com\\\/minha-conta\\\/\",\"name\":\"Minha conta - IberWalk\",\"isPartOf\":{\"@id\":\"https:\\\/\\\/iberwalk.com\\\/#website\"},\"datePublished\":\"2025-06-21T23:22:45+00:00\",\"dateModified\":\"2025-11-26T18:39:55+00:00\",\"breadcrumb\":{\"@id\":\"https:\\\/\\\/iberwalk.com\\\/minha-conta\\\/#breadcrumb\"},\"inLanguage\":\"es\",\"potentialAction\":[{\"@type\":\"ReadAction\",\"target\":[\"https:\\\/\\\/iberwalk.com\\\/minha-conta\\\/\"]}]},{\"@type\":\"BreadcrumbList\",\"@id\":\"https:\\\/\\\/iberwalk.com\\\/minha-conta\\\/#breadcrumb\",\"itemListElement\":[{\"@type\":\"ListItem\",\"position\":1,\"name\":\"Home\",\"item\":\"https:\\\/\\\/iberwalk.com\\\/\"},{\"@type\":\"ListItem\",\"position\":2,\"name\":\"Minha conta\"}]},{\"@type\":\"WebSite\",\"@id\":\"https:\\\/\\\/iberwalk.com\\\/#website\",\"url\":\"https:\\\/\\\/iberwalk.com\\\/\",\"name\":\"Loja Blino\",\"description\":\"T\u00e9nis tend\u00eancia a pre\u00e7o acess\u00edvel. Estilo premium sem pagar mais.\",\"publisher\":{\"@id\":\"https:\\\/\\\/iberwalk.com\\\/#organization\"},\"potentialAction\":[{\"@type\":\"SearchAction\",\"target\":{\"@type\":\"EntryPoint\",\"urlTemplate\":\"https:\\\/\\\/iberwalk.com\\\/?s={search_term_string}\"},\"query-input\":{\"@type\":\"PropertyValueSpecification\",\"valueRequired\":true,\"valueName\":\"search_term_string\"}}],\"inLanguage\":\"es\"},{\"@type\":\"Organization\",\"@id\":\"https:\\\/\\\/iberwalk.com\\\/#organization\",\"name\":\"IberWalk\",\"url\":\"https:\\\/\\\/iberwalk.com\\\/\",\"logo\":{\"@type\":\"ImageObject\",\"inLanguage\":\"es\",\"@id\":\"https:\\\/\\\/iberwalk.com\\\/#\\\/schema\\\/logo\\\/image\\\/\",\"url\":\"https:\\\/\\\/iberwalk.com\\\/wp-content\\\/uploads\\\/2026\\\/02\\\/faviconiber.jpeg\",\"contentUrl\":\"https:\\\/\\\/iberwalk.com\\\/wp-content\\\/uploads\\\/2026\\\/02\\\/faviconiber.jpeg\",\"width\":1600,\"height\":1600,\"caption\":\"IberWalk\"},\"image\":{\"@id\":\"https:\\\/\\\/iberwalk.com\\\/#\\\/schema\\\/logo\\\/image\\\/\"}}]}<\/script>\n<!-- \/ Yoast SEO plugin. -->","yoast_head_json":{"title":"Minha conta - IberWalk","robots":{"index":"index","follow":"follow","max-snippet":"max-snippet:-1","max-image-preview":"max-image-preview:large","max-video-preview":"max-video-preview:-1"},"canonical":"https:\/\/iberwalk.com\/es\/minha-conta\/","og_locale":"es_ES","og_type":"article","og_title":"Minha conta - IberWalk","og_description":"Painel Pedidos Downloads Morada Detalhes da Conta Sair Painel Pedidos Downloads Morada Detalhes da Conta Sair Ol\u00e1 admin (n\u00e3o \u00e9 admin? Sair) No painel da sua conta pode ver as encomendas mais recentes, gerir as moradas de envio e de factura\u00e7\u00e3o e editar os detalhes e a senha da conta.","og_url":"https:\/\/iberwalk.com\/es\/minha-conta\/","og_site_name":"IberWalk","article_modified_time":"2025-11-26T18:39:55+00:00","og_image":[{"width":1600,"height":1600,"url":"https:\/\/iberwalk.com\/wp-content\/uploads\/2026\/02\/faviconiber.jpeg","type":"image\/jpeg"}],"twitter_card":"summary_large_image","schema":{"@context":"https:\/\/schema.org","@graph":[{"@type":"WebPage","@id":"https:\/\/iberwalk.com\/minha-conta\/","url":"https:\/\/iberwalk.com\/minha-conta\/","name":"Minha conta - IberWalk","isPartOf":{"@id":"https:\/\/iberwalk.com\/#website"},"datePublished":"2025-06-21T23:22:45+00:00","dateModified":"2025-11-26T18:39:55+00:00","breadcrumb":{"@id":"https:\/\/iberwalk.com\/minha-conta\/#breadcrumb"},"inLanguage":"es","potentialAction":[{"@type":"ReadAction","target":["https:\/\/iberwalk.com\/minha-conta\/"]}]},{"@type":"BreadcrumbList","@id":"https:\/\/iberwalk.com\/minha-conta\/#breadcrumb","itemListElement":[{"@type":"ListItem","position":1,"name":"Home","item":"https:\/\/iberwalk.com\/"},{"@type":"ListItem","position":2,"name":"Minha conta"}]},{"@type":"WebSite","@id":"https:\/\/iberwalk.com\/#website","url":"https:\/\/iberwalk.com\/","name":"Loja Blino","description":"T\u00e9nis tend\u00eancia a pre\u00e7o acess\u00edvel. Estilo premium sem pagar mais.","publisher":{"@id":"https:\/\/iberwalk.com\/#organization"},"potentialAction":[{"@type":"SearchAction","target":{"@type":"EntryPoint","urlTemplate":"https:\/\/iberwalk.com\/?s={search_term_string}"},"query-input":{"@type":"PropertyValueSpecification","valueRequired":true,"valueName":"search_term_string"}}],"inLanguage":"es"},{"@type":"Organization","@id":"https:\/\/iberwalk.com\/#organization","name":"IberWalk","url":"https:\/\/iberwalk.com\/","logo":{"@type":"ImageObject","inLanguage":"es","@id":"https:\/\/iberwalk.com\/#\/schema\/logo\/image\/","url":"https:\/\/iberwalk.com\/wp-content\/uploads\/2026\/02\/faviconiber.jpeg","contentUrl":"https:\/\/iberwalk.com\/wp-content\/uploads\/2026\/02\/faviconiber.jpeg","width":1600,"height":1600,"caption":"IberWalk"},"image":{"@id":"https:\/\/iberwalk.com\/#\/schema\/logo\/image\/"}}]}},"_links":{"self":[{"href":"https:\/\/iberwalk.com\/es\/wp-json\/wp\/v2\/pages\/18","targetHints":{"allow":["GET"]}}],"collection":[{"href":"https:\/\/iberwalk.com\/es\/wp-json\/wp\/v2\/pages"}],"about":[{"href":"https:\/\/iberwalk.com\/es\/wp-json\/wp\/v2\/types\/page"}],"author":[{"embeddable":true,"href":"https:\/\/iberwalk.com\/es\/wp-json\/wp\/v2\/users\/1"}],"replies":[{"embeddable":true,"href":"https:\/\/iberwalk.com\/es\/wp-json\/wp\/v2\/comments?post=18"}],"version-history":[{"count":6,"href":"https:\/\/iberwalk.com\/es\/wp-json\/wp\/v2\/pages\/18\/revisions"}],"predecessor-version":[{"id":3176,"href":"https:\/\/iberwalk.com\/es\/wp-json\/wp\/v2\/pages\/18\/revisions\/3176"}],"wp:attachment":[{"href":"https:\/\/iberwalk.com\/es\/wp-json\/wp\/v2\/media?parent=18"}],"curies":[{"name":"wp","href":"https:\/\/api.w.org\/{rel}","templated":true}]}}